{"id":7255,"date":"2022-11-23T21:16:04","date_gmt":"2022-11-23T20:16:04","guid":{"rendered":"https:\/\/www.lumist.si\/?post_type=product&#038;p=7255"},"modified":"2025-10-14T08:15:58","modified_gmt":"2025-10-14T06:15:58","slug":"jedilne-barve-sugarflair-baby-pink-25g","status":"publish","type":"product","link":"https:\/\/www.lumist.si\/hr\/proizvod\/jedilne-barve-sugarflair-baby-pink-25g\/","title":{"rendered":"Jedilne barve Sugarflair, Baby pink, 25 g"},"content":{"rendered":"<p><strong>Jedilne barve Sugarflair\u00a0 baby pink<\/strong> za bojanje marcipana, fondanta, glazura i svih namirnica na bazi vode.<\/p>\n<p>Sugarflair gel boje su vrlo jake boje napravljene u obliku gela. Pa\u017eljivo i postupno dodajte boju vrhom \u0161tapi\u0107a ili \u010da\u010dkalice, prema \u017eeljenoj nijansi. Mo\u017eete posti\u0107i najnje\u017enije pastelne boje, dok dodavanje vi\u0161e paste daje jarke boje bez promjene konzistencije proizvoda.<\/p>\n<p><strong>Upute:<\/strong> bojajte u malim koli\u010dinama nano\u0161enjem paste vrhom \u0161tapi\u0107a ili \u010da\u010dkalice, zatim dobro gnje\u010dite ili promije\u0161ajte dok ne dobijete \u017eeljenu boju. Dodajte vi\u0161e boje za bogatiju nijansu. <strong>The Spectral jedilne barve Sugarflair \u201cBaby Pink\u201d<\/strong> pogodan je za bojanje marcipana, fondanta i glazura te svih namirnica na bazi vode.<\/p>\n<p>Boja: Baby pink.<\/p>","protected":false},"excerpt":{"rendered":"<p><strong>Jedilne barve Sugarflair\u00a0 Baby pink<\/strong> za bojanje marcipana, fondanta, glazura i svih namirnica na bazi vode.<\/p>\n<p>Sugarflair gel boje su vrlo jake boje napravljene u obliku gela. Pa\u017eljivo i postupno dodajte boju vrhom \u0161tapi\u0107a ili \u010da\u010dkalice, prema \u017eeljenoj nijansi. Mo\u017eete posti\u0107i najnje\u017enije pastelne boje, dok dodavanje vi\u0161e paste daje jarke boje bez promjene konzistencije proizvoda.<\/p>\n<p>&nbsp;<\/p>","protected":false},"featured_media":8858,"comment_status":"open","ping_status":"closed","template":"","meta":{"om_disable_all_campaigns":false,"inline_featured_image":false,"_monsterinsights_skip_tracking":false,"_monsterinsights_sitenote_active":false,"_monsterinsights_sitenote_note":"","_monsterinsights_sitenote_category":0},"product_brand":[],"product_cat":[124,257],"product_tag":[],"class_list":{"0":"post-7255","1":"product","2":"type-product","3":"status-publish","4":"has-post-thumbnail","6":"product_cat-jedilne-barve-in-blescice","7":"product_cat-jedilne-barve","9":"first","10":"instock","11":"taxable","12":"shipping-taxable","13":"purchasable","14":"product-type-simple"},"aioseo_notices":[],"_links":{"self":[{"href":"https:\/\/www.lumist.si\/hr\/wp-json\/wp\/v2\/product\/7255","targetHints":{"allow":["GET"]}}],"collection":[{"href":"https:\/\/www.lumist.si\/hr\/wp-json\/wp\/v2\/product"}],"about":[{"href":"https:\/\/www.lumist.si\/hr\/wp-json\/wp\/v2\/types\/product"}],"replies":[{"embeddable":true,"href":"https:\/\/www.lumist.si\/hr\/wp-json\/wp\/v2\/comments?post=7255"}],"wp:featuredmedia":[{"embeddable":true,"href":"https:\/\/www.lumist.si\/hr\/wp-json\/wp\/v2\/media\/8858"}],"wp:attachment":[{"href":"https:\/\/www.lumist.si\/hr\/wp-json\/wp\/v2\/media?parent=7255"}],"wp:term":[{"taxonomy":"product_brand","embeddable":true,"href":"https:\/\/www.lumist.si\/hr\/wp-json\/wp\/v2\/product_brand?post=7255"},{"taxonomy":"product_cat","embeddable":true,"href":"https:\/\/www.lumist.si\/hr\/wp-json\/wp\/v2\/product_cat?post=7255"},{"taxonomy":"product_tag","embeddable":true,"href":"https:\/\/www.lumist.si\/hr\/wp-json\/wp\/v2\/product_tag?post=7255"}],"curies":[{"name":"wp","href":"https:\/\/api.w.org\/{rel}","templated":true}]}}