{"id":7678,"date":"2022-12-30T10:48:36","date_gmt":"2022-12-30T09:48:36","guid":{"rendered":"https:\/\/www.lumist.si\/?post_type=product&#038;p=7678"},"modified":"2026-01-22T20:57:19","modified_gmt":"2026-01-22T19:57:19","slug":"srcki-mini-bela-cokolada","status":"publish","type":"product","link":"https:\/\/www.lumist.si\/hr\/proizvod\/srcki-mini-bela-cokolada\/","title":{"rendered":"Sr\u010dki mini,  bela \u010dokolada 32 kos"},"content":{"rendered":"<p><strong>Sr\u010dki mini, Bela \u010dokolada<\/strong><\/p>\n<p>Mini srca u roza boji zgodna su za ukra\u0161avanje tematskih slastica za Valentinovo, vjen\u010danja, godi\u0161njice i ostale ljubavne teme. Budu\u0107i da su mali i lagani, prikladni su i za najfinije slastice.<\/p>\n<p><strong>Koli\u010dina:<\/strong> 32 kos<br \/>\n<strong>Veli\u010dina:<\/strong> 18 x 14 mm<br \/>\n<strong>Ukus:<\/strong> bijela \u010dokolada<br \/>\n<strong>Format:<\/strong> roza mini srca<br \/>\n<strong>Upotreba:<\/strong> univerzalno<\/p>\n<p>\u010cuvajte na temperaturi od 15\u00b0C do 20\u00b0C, dalje od izvora sun\u010deve svjetlosti.<\/p>","protected":false},"excerpt":{"rendered":"<p>Sr\u010dki mini, Bela \u010dokolada<\/p>\n<p>Mini srca u roza boji zgodna su za ukra\u0161avanje tematskih slastica za Valentinovo, vjen\u010danja, godi\u0161njice i ostale ljubavne teme. Budu\u0107i da su mali i lagani, prikladni su i za najfinije slastice.<\/p>\n<p>&nbsp;<\/p>","protected":false},"featured_media":7679,"comment_status":"open","ping_status":"closed","template":"","meta":{"om_disable_all_campaigns":false,"inline_featured_image":false,"_monsterinsights_skip_tracking":false,"_monsterinsights_sitenote_active":false,"_monsterinsights_sitenote_note":"","_monsterinsights_sitenote_category":0},"product_brand":[],"product_cat":[117,27],"product_tag":[],"class_list":{"0":"post-7678","1":"product","2":"type-product","3":"status-publish","4":"has-post-thumbnail","6":"product_cat-dekoracija-sladic","7":"product_cat-cokoladni-okraski","8":"pa_kolicina-40-kos","9":"pa_znamka-barbara-luijckx","11":"first","12":"instock","13":"taxable","14":"shipping-taxable","15":"purchasable","16":"product-type-simple"},"aioseo_notices":[],"_links":{"self":[{"href":"https:\/\/www.lumist.si\/hr\/wp-json\/wp\/v2\/product\/7678","targetHints":{"allow":["GET"]}}],"collection":[{"href":"https:\/\/www.lumist.si\/hr\/wp-json\/wp\/v2\/product"}],"about":[{"href":"https:\/\/www.lumist.si\/hr\/wp-json\/wp\/v2\/types\/product"}],"replies":[{"embeddable":true,"href":"https:\/\/www.lumist.si\/hr\/wp-json\/wp\/v2\/comments?post=7678"}],"wp:featuredmedia":[{"embeddable":true,"href":"https:\/\/www.lumist.si\/hr\/wp-json\/wp\/v2\/media\/7679"}],"wp:attachment":[{"href":"https:\/\/www.lumist.si\/hr\/wp-json\/wp\/v2\/media?parent=7678"}],"wp:term":[{"taxonomy":"product_brand","embeddable":true,"href":"https:\/\/www.lumist.si\/hr\/wp-json\/wp\/v2\/product_brand?post=7678"},{"taxonomy":"product_cat","embeddable":true,"href":"https:\/\/www.lumist.si\/hr\/wp-json\/wp\/v2\/product_cat?post=7678"},{"taxonomy":"product_tag","embeddable":true,"href":"https:\/\/www.lumist.si\/hr\/wp-json\/wp\/v2\/product_tag?post=7678"}],"curies":[{"name":"wp","href":"https:\/\/api.w.org\/{rel}","templated":true}]}}