{"id":7775,"date":"2023-01-24T18:55:43","date_gmt":"2023-01-24T17:55:43","guid":{"rendered":"https:\/\/www.lumist.si\/?post_type=product&#038;p=7775"},"modified":"2026-03-15T16:25:42","modified_gmt":"2026-03-15T15:25:42","slug":"ploscice-jagoda","status":"publish","type":"product","link":"https:\/\/www.lumist.si\/hr\/proizvod\/ploscice-jagoda\/","title":{"rendered":"Plo\u010dice od jagoda"},"content":{"rendered":"<p><strong>PLO\u0160\u010cICE\u00a0 JAGODA<\/strong><br \/>\nPrisr\u010dne \u010dokoladne plo\u0161\u010dice jagoda, izdelane iz kakovostne bele \u010dokolade velikosti 30 mm, bodo popestrile izgled vsake sladice.<\/p>\n<p>Vrsta: \u010dokoladni ukrasi<br \/>\nKoda: 34039<br \/>\nVelikost: 30 mm<br \/>\nOkus: bijela \u010dokolada<br \/>\nBarva: roza jagode<br \/>\nOblik: kvadrat<br \/>\nPrimjena: univerzalna<\/p>\n<p>Sestavine: sladkor, kakavovo maslo, polnomastno MLEKO v prahu, emulgator &#8211; E322 (son\u010dnica), , naravna vanilija, barvilo E100 , barvilo E120, barvilo E133.<\/p>\n<p>\u010cuvajte na temperaturi od 15\u00b0C do 20\u00b0C, dalje od izvora sun\u010deve svjetlosti.<\/p>","protected":false},"excerpt":{"rendered":"<p><strong>PLO\u0160\u010cICE\u00a0 JAGODA<\/strong><br \/>\nPrisr\u010dne \u010dokoladne plo\u0161\u010dice jagoda, izdelane iz kakovostne bele \u010dokolade velikosti 30 mm, bodo popestrile izgled vsake sladice.<\/p>\n<p>&nbsp;<\/p>\n<p>&nbsp;<\/p>","protected":false},"featured_media":7787,"comment_status":"open","ping_status":"closed","template":"","meta":{"om_disable_all_campaigns":false,"inline_featured_image":false,"_monsterinsights_skip_tracking":false,"_monsterinsights_sitenote_active":false,"_monsterinsights_sitenote_note":"","_monsterinsights_sitenote_category":0},"product_brand":[],"product_cat":[117,27],"product_tag":[],"class_list":{"0":"post-7775","1":"product","2":"type-product","3":"status-publish","4":"has-post-thumbnail","6":"product_cat-dekoracija-sladic","7":"product_cat-cokoladni-okraski","8":"pa_kolicina-20-kos","9":"pa_znamka-leman","11":"first","12":"instock","13":"taxable","14":"shipping-taxable","15":"purchasable","16":"product-type-variable","17":"has-default-attributes"},"aioseo_notices":[],"_links":{"self":[{"href":"https:\/\/www.lumist.si\/hr\/wp-json\/wp\/v2\/product\/7775","targetHints":{"allow":["GET"]}}],"collection":[{"href":"https:\/\/www.lumist.si\/hr\/wp-json\/wp\/v2\/product"}],"about":[{"href":"https:\/\/www.lumist.si\/hr\/wp-json\/wp\/v2\/types\/product"}],"replies":[{"embeddable":true,"href":"https:\/\/www.lumist.si\/hr\/wp-json\/wp\/v2\/comments?post=7775"}],"wp:featuredmedia":[{"embeddable":true,"href":"https:\/\/www.lumist.si\/hr\/wp-json\/wp\/v2\/media\/7787"}],"wp:attachment":[{"href":"https:\/\/www.lumist.si\/hr\/wp-json\/wp\/v2\/media?parent=7775"}],"wp:term":[{"taxonomy":"product_brand","embeddable":true,"href":"https:\/\/www.lumist.si\/hr\/wp-json\/wp\/v2\/product_brand?post=7775"},{"taxonomy":"product_cat","embeddable":true,"href":"https:\/\/www.lumist.si\/hr\/wp-json\/wp\/v2\/product_cat?post=7775"},{"taxonomy":"product_tag","embeddable":true,"href":"https:\/\/www.lumist.si\/hr\/wp-json\/wp\/v2\/product_tag?post=7775"}],"curies":[{"name":"wp","href":"https:\/\/api.w.org\/{rel}","templated":true}]}}