{"id":7859,"date":"2023-02-03T21:54:42","date_gmt":"2023-02-03T20:54:42","guid":{"rendered":"https:\/\/www.lumist.si\/?post_type=product&#038;p=7859"},"modified":"2026-03-02T20:01:22","modified_gmt":"2026-03-02T19:01:22","slug":"cokoladne-ploscice-metulji","status":"publish","type":"product","link":"https:\/\/www.lumist.si\/hr\/proizvod\/cokoladne-ploscice-metulji\/","title":{"rendered":"\u010cokoladne Plo\u0161\u010dice, Metulji"},"content":{"rendered":"<p>PLO\u0160\u010cICE METULJI<br \/>\nPune \u010dokoladne plo\u010dice od visokokvalitetne bijele \u010dokolade, veli\u010dine 30 mm, uljep\u0161at \u0107e izgled svake slastice.<\/p>\n<p>Vrsta: \u010dokoladni ukrasi<br \/>\n\u0160ifra: 34003<br \/>\nVeli\u010dina: 30 x 30 mm<br \/>\nOkus: bijela \u010dokolada<br \/>\nBoja: zelena, \u017euta, bijela<br \/>\nOblik: kvadrat<br \/>\nPrimjena: univerzalna<\/p>\n<p>Sastojci: \u0161e\u0107er, kakao maslac, punomasno MLIJEKO u prahu, emulgator \u2013 E322 (suncokret), boja E101, reducirani kakao prah, prirodna vanilija, boja E100, boja E120, boja E133.<\/p>\n<p>\u010cuvajte na temperaturi od 15\u00b0C do 20\u00b0C, dalje od izvora sun\u010deve svjetlosti.<br \/>\nNeto koli\u010dina - pretpakirano: 20 kom.<\/p>","protected":false},"excerpt":{"rendered":"<p>\u010cOKOLADNE PLO\u0160\u010cICE METULJ<br \/>\nPune \u010dokoladne plo\u010dice od visokokvalitetne bijele \u010dokolade, veli\u010dine 30 mm, uljep\u0161at \u0107e izgled svake slastice.<\/p>\n<p>&nbsp;<\/p>","protected":false},"featured_media":7860,"comment_status":"open","ping_status":"closed","template":"","meta":{"om_disable_all_campaigns":false,"inline_featured_image":false,"_monsterinsights_skip_tracking":false,"_monsterinsights_sitenote_active":false,"_monsterinsights_sitenote_note":"","_monsterinsights_sitenote_category":0},"product_brand":[],"product_cat":[117,27],"product_tag":[],"class_list":{"0":"post-7859","1":"product","2":"type-product","3":"status-publish","4":"has-post-thumbnail","6":"product_cat-dekoracija-sladic","7":"product_cat-cokoladni-okraski","8":"pa_kolicina-20-kos","9":"pa_znamka-leman","11":"first","12":"instock","13":"taxable","14":"shipping-taxable","15":"purchasable","16":"product-type-variable","17":"has-default-attributes"},"aioseo_notices":[],"_links":{"self":[{"href":"https:\/\/www.lumist.si\/hr\/wp-json\/wp\/v2\/product\/7859","targetHints":{"allow":["GET"]}}],"collection":[{"href":"https:\/\/www.lumist.si\/hr\/wp-json\/wp\/v2\/product"}],"about":[{"href":"https:\/\/www.lumist.si\/hr\/wp-json\/wp\/v2\/types\/product"}],"replies":[{"embeddable":true,"href":"https:\/\/www.lumist.si\/hr\/wp-json\/wp\/v2\/comments?post=7859"}],"wp:featuredmedia":[{"embeddable":true,"href":"https:\/\/www.lumist.si\/hr\/wp-json\/wp\/v2\/media\/7860"}],"wp:attachment":[{"href":"https:\/\/www.lumist.si\/hr\/wp-json\/wp\/v2\/media?parent=7859"}],"wp:term":[{"taxonomy":"product_brand","embeddable":true,"href":"https:\/\/www.lumist.si\/hr\/wp-json\/wp\/v2\/product_brand?post=7859"},{"taxonomy":"product_cat","embeddable":true,"href":"https:\/\/www.lumist.si\/hr\/wp-json\/wp\/v2\/product_cat?post=7859"},{"taxonomy":"product_tag","embeddable":true,"href":"https:\/\/www.lumist.si\/hr\/wp-json\/wp\/v2\/product_tag?post=7859"}],"curies":[{"name":"wp","href":"https:\/\/api.w.org\/{rel}","templated":true}]}}