{"id":7872,"date":"2023-02-05T09:57:42","date_gmt":"2023-02-05T08:57:42","guid":{"rendered":"https:\/\/www.lumist.si\/?post_type=product&#038;p=7872"},"modified":"2026-03-08T11:25:30","modified_gmt":"2026-03-08T10:25:30","slug":"cokoladne-vrtnice","status":"publish","type":"product","link":"https:\/\/www.lumist.si\/hr\/proizvod\/cokoladne-vrtnice\/","title":{"rendered":"\u010cokoladne Vrtnice 15 kom"},"content":{"rendered":"<p><strong>\u010cOKOLADNE\u00a0 VRTNICE<\/strong><\/p>\n<p>\u010cokoladne plo\u010dice u obliku srca s printom prekrasnih ru\u017ea, izra\u0111ene od visokokvalitetne bijele \u010dokolade, veli\u010dine 30 x 30 mm, uljep\u0161at \u0107e izgled svake slastice.<\/p>\n<p><strong>Koli\u010dina<\/strong>: 15 kom<br \/>\n<strong>Veli\u010dina:<\/strong> 34 x 35 mm<br \/>\n<strong>Ukus:<\/strong> bijela \u010dokolada<br \/>\n<strong>Boja:<\/strong> roza, crvena, bijela<br \/>\n<strong>Format:<\/strong> \u010detverokut<br \/>\n<strong>Upotreba:<\/strong> univerzalno<\/p>\n<p>\u010cuvajte na temperaturi od 15\u00b0C do 20\u00b0C, dalje od izvora sun\u010deve svjetlosti.<\/p>","protected":false},"excerpt":{"rendered":"<p><strong>\u010cOKOLADNE VRTNICE<\/strong><\/p>\n<p>\u010cokoladne plo\u010dice u obliku srca s printom prekrasnih ru\u017ea, izra\u0111ene od visokokvalitetne bijele \u010dokolade, veli\u010dine 30 x 30 mm, uljep\u0161at \u0107e izgled svake slastice.<\/p>\n<p>&nbsp;<\/p>","protected":false},"featured_media":7873,"comment_status":"open","ping_status":"closed","template":"","meta":{"om_disable_all_campaigns":false,"inline_featured_image":false,"_monsterinsights_skip_tracking":false,"_monsterinsights_sitenote_active":false,"_monsterinsights_sitenote_note":"","_monsterinsights_sitenote_category":0},"product_brand":[],"product_cat":[117,27],"product_tag":[],"class_list":{"0":"post-7872","1":"product","2":"type-product","3":"status-publish","4":"has-post-thumbnail","6":"product_cat-dekoracija-sladic","7":"product_cat-cokoladni-okraski","8":"pa_kolicina-15-kom","9":"pa_znamka-leman","11":"first","12":"instock","13":"taxable","14":"shipping-taxable","15":"purchasable","16":"product-type-variable","17":"has-default-attributes"},"aioseo_notices":[],"_links":{"self":[{"href":"https:\/\/www.lumist.si\/hr\/wp-json\/wp\/v2\/product\/7872","targetHints":{"allow":["GET"]}}],"collection":[{"href":"https:\/\/www.lumist.si\/hr\/wp-json\/wp\/v2\/product"}],"about":[{"href":"https:\/\/www.lumist.si\/hr\/wp-json\/wp\/v2\/types\/product"}],"replies":[{"embeddable":true,"href":"https:\/\/www.lumist.si\/hr\/wp-json\/wp\/v2\/comments?post=7872"}],"wp:featuredmedia":[{"embeddable":true,"href":"https:\/\/www.lumist.si\/hr\/wp-json\/wp\/v2\/media\/7873"}],"wp:attachment":[{"href":"https:\/\/www.lumist.si\/hr\/wp-json\/wp\/v2\/media?parent=7872"}],"wp:term":[{"taxonomy":"product_brand","embeddable":true,"href":"https:\/\/www.lumist.si\/hr\/wp-json\/wp\/v2\/product_brand?post=7872"},{"taxonomy":"product_cat","embeddable":true,"href":"https:\/\/www.lumist.si\/hr\/wp-json\/wp\/v2\/product_cat?post=7872"},{"taxonomy":"product_tag","embeddable":true,"href":"https:\/\/www.lumist.si\/hr\/wp-json\/wp\/v2\/product_tag?post=7872"}],"curies":[{"name":"wp","href":"https:\/\/api.w.org\/{rel}","templated":true}]}}