{"id":840,"date":"2020-09-08T20:33:39","date_gmt":"2020-09-08T18:33:39","guid":{"rendered":"http:\/\/www.lumist.si\/?post_type=product&#038;p=840"},"modified":"2026-03-12T22:59:25","modified_gmt":"2026-03-12T21:59:25","slug":"bela-cokolada-za-peko-33-lubeca","status":"publish","type":"product","link":"https:\/\/www.lumist.si\/hr\/proizvod\/bela-cokolada-za-peko-33-lubeca\/","title":{"rendered":"Bela \u010dokolada za peko 33% Lubeca"},"content":{"rendered":"<p><strong>Bela \u010dokolada za peko 33 % Lubeca<\/strong><\/p>\n<p>Lubeca je izjemno kakovostna bela \u010dokolada z intenzivnim mle\u010dno-kremastim okusom ter ne\u017enim vonjem vanilje. Zaradi oblike majhnih \u017eeton\u010dkov, sta doziranje in raztapljanje zelo enostavna. \u010cokolada je kot nala\u0161\u010d za izdelavo nadevov, pralin, za ustvarjanje okraskov in fondijev. Bela \u010dokolada Lubeca \u010dokolada ima status \u010dokolade obliv. To pomeni, da vsebuje ve\u010d kakavovega masla (min. 32-39%), kar v kombinaciji s termi\u010dno obdelavo daje kuverturi sijaj, blag in dolgotrajen okus ter zna\u010dilno prasketanje ob lomljenju.<\/p>\n<p>\u2022 <strong>33% kakao u zrnu<\/strong>,<br \/>\n\u2022 <strong>39,5% kakao maslaca<\/strong> i<br \/>\n\u2022 <strong>15% mlijeka<\/strong>.<\/p>\n<p>Profinjen pravom burbon vanilijom.<\/p>\n<p><strong>Primjena<\/strong>:<br \/>\n\u2022 Oblivanje \u2022 Ganache \u2022 Deserti \u2022 Praline\u2713 Premium kvaliteta<br \/>\n\u2713 Bez glutena<br \/>\n\u2713 Bez palminog ulja<br \/>\n\u2713 UTZ certifikat<\/p>\n<p><strong>Skladi\u0161tenje<\/strong>: \u010cuvati na suhom i hladnom mjestu (15-20 \u00b0C), dalje od izvora topline, za\u0161ti\u0107eno od izravne sun\u010deve svjetlosti i neugodnih mirisa. Sobna temperatura ne smije prelaziti 25 \u00b0C. Nakon upotrebe vre\u0107icu dobro zatvoriti.<\/p>\n<p>&nbsp;<\/p>\n<p>&nbsp;<\/p>","protected":false},"excerpt":{"rendered":"<p><strong>Bela \u010dokolada za peko 33 % Lubeca<\/strong><\/p>\n<p>Lubeca je izjemno kakovostna bela \u010dokolada z intenzivnim mle\u010dno-kremastim okusom ter ne\u017enim vonjem vanilje. Zaradi oblike majhnih \u017eeton\u010dkov, sta doziranje in raztapljanje zelo enostavna. \u010cokolada je kot nala\u0161\u010d za izdelavo nadevov, pralin, za ustvarjanje okraskov in fondijev. Bela \u010dokolada Lubeca \u010dokolada ima status \u010dokolade obliv. To pomeni, da vsebuje ve\u010d kakavovega masla (min. 32-39%), kar v kombinaciji s termi\u010dno obdelavo daje kuverturi sijaj, blag in dolgotrajen okus ter zna\u010dilno prasketanje ob lomljenju.<\/p>","protected":false},"featured_media":8048,"comment_status":"open","ping_status":"closed","template":"","meta":{"om_disable_all_campaigns":false,"inline_featured_image":false,"_monsterinsights_skip_tracking":false,"_monsterinsights_sitenote_active":false,"_monsterinsights_sitenote_note":"","_monsterinsights_sitenote_category":0},"product_brand":[],"product_cat":[382],"product_tag":[],"class_list":{"0":"post-840","1":"product","2":"type-product","3":"status-publish","4":"has-post-thumbnail","6":"product_cat-cokolade-za-peko","7":"pa_teza-1-kg","8":"pa_teza-250g","9":"pa_teza-500-g","10":"pa_znamka-lubeca","12":"first","13":"instock","14":"taxable","15":"shipping-taxable","16":"purchasable","17":"product-type-variable","18":"has-default-attributes"},"aioseo_notices":[],"_links":{"self":[{"href":"https:\/\/www.lumist.si\/hr\/wp-json\/wp\/v2\/product\/840","targetHints":{"allow":["GET"]}}],"collection":[{"href":"https:\/\/www.lumist.si\/hr\/wp-json\/wp\/v2\/product"}],"about":[{"href":"https:\/\/www.lumist.si\/hr\/wp-json\/wp\/v2\/types\/product"}],"replies":[{"embeddable":true,"href":"https:\/\/www.lumist.si\/hr\/wp-json\/wp\/v2\/comments?post=840"}],"wp:featuredmedia":[{"embeddable":true,"href":"https:\/\/www.lumist.si\/hr\/wp-json\/wp\/v2\/media\/8048"}],"wp:attachment":[{"href":"https:\/\/www.lumist.si\/hr\/wp-json\/wp\/v2\/media?parent=840"}],"wp:term":[{"taxonomy":"product_brand","embeddable":true,"href":"https:\/\/www.lumist.si\/hr\/wp-json\/wp\/v2\/product_brand?post=840"},{"taxonomy":"product_cat","embeddable":true,"href":"https:\/\/www.lumist.si\/hr\/wp-json\/wp\/v2\/product_cat?post=840"},{"taxonomy":"product_tag","embeddable":true,"href":"https:\/\/www.lumist.si\/hr\/wp-json\/wp\/v2\/product_tag?post=840"}],"curies":[{"name":"wp","href":"https:\/\/api.w.org\/{rel}","templated":true}]}}