{"id":845,"date":"2020-09-08T21:05:48","date_gmt":"2020-09-08T19:05:48","guid":{"rendered":"http:\/\/www.lumist.si\/?post_type=product&#038;p=845"},"modified":"2026-03-15T08:32:23","modified_gmt":"2026-03-15T07:32:23","slug":"mlecna-cokolada-ghana-select-43","status":"publish","type":"product","link":"https:\/\/www.lumist.si\/hr\/proizvod\/mlecna-cokolada-ghana-select-43\/","title":{"rendered":"Mle\u010dna \u010dokolada Ghana Select 43 %"},"content":{"rendered":"<p><strong>Mlije\u010dna \u010dokolada<\/strong> <strong>Odaberite Ganu 43<\/strong><\/p>\n<p><strong>\u00a0Ena najbolj prodajnih \u010dokolad mle\u010dna kuvertura Ghana 43 %, bo v va\u0161i peki postala nepogre\u0161ljiva. Zaradi visoke vsebnosti kakavovega masla, je zares odli\u010dna za oblivanje vseh vrst sladic, z njo pa lahko naredite tudi odli\u010dno kremo ali mousse. Rezultat pri oblivanju bo enakomeren nanos \u010dokolade ter \u010dudovit lesk kon\u010dnega izdelka.<\/strong><\/p>\n<p>\u2022 <strong>43% kakao u zrnu<\/strong>,<br \/>\n\u2022 <strong>40% kakao maslaca<\/strong> i<br \/>\n\u2022 <strong>20% mlijeka<\/strong>.<\/p>\n<p>\u2713 Vrhunska kvaliteta<br \/>\n\u2713 Bez glutena<br \/>\n\u2713 Bez palminog ulja<br \/>\n\u2713 UTZ certifikat<\/p>\n<p>Mlije\u010dna \u010dokolada <strong>Odaberite Ganu 43<\/strong> je izuzetno kvalitetna \u010dokolada intenzivnog mlije\u010dno-kremastog okusa i nje\u017enog mirisa vanilije. Pakiran je u obliku malih kapi, \u0161to \u010dini doziranje i otapanje vrlo lakim. \u010cokolada je savr\u0161ena za izradu nadjeva, pralina, za izradu dekoracija i fonduea.<\/p>\n<p><strong>Lubeca<\/strong> ima status couverture - \u010dokoladnog premaza, \u0161to zna\u010di da sadr\u017ei vi\u0161e kakao maslaca koji u kombinaciji s toplinskom obradom daje sjaj, blag i dugotrajan okus te karakteristi\u010dno pucketanje pri lomljenju. Ghana 43% mlije\u010dna kuvertura postat \u0107e neizostavna u va\u0161em pe\u010denju. Zbog visokog udjela shea maslaca zaista je izvrstan za preljev svih vrsta slastica. Rezultat \u0107e biti ravnomjeran nanos \u010dokolade i prekrasan sjaj gotovog proizvoda.<\/p>\n<p>\u2013 Min. kakao: 43%<br \/>\n\u2013 Sadr\u017eaj kvalitetnog maslaca: 40%<br \/>\n\u2013 Okus: mlije\u010dna \u010dokolada<br \/>\n\u2013 Podrijetlo zrna kakaovca: Gana<br \/>\n\u2013 Profinjen pravom burbon vanilijom<\/p>\n<p><strong>Skladi\u0161tenje<\/strong>: \u010cuvati na suhom i hladnom mjestu na 15-20 \u00b0C, daleko od izvora topline, za\u0161ti\u0107eno od izravne sun\u010deve svjetlosti i neugodnih mirisa. Sobna temperatura ne smije prelaziti 25 \u00b0C. Nakon upotrebe vre\u0107icu dobro zatvoriti.<\/p>\n<p><strong>Primjena<\/strong>:<br \/>\nOblivi \u2022 Ganache \u2022 Kreme \u2022 Praline \u2022 Sladoled \u2022 Pekovska pec<\/p>","protected":false},"excerpt":{"rendered":"<p><strong>Mlije\u010dna \u010dokolada <\/strong>\u00a0<strong>Ghana Select 43 %<\/strong><\/p>\n<p>je izuzetno kvalitetna \u010dokolada intenzivnog mlije\u010dno-kremastog okusa i nje\u017enog mirisa vanilije. Pakiran je u obliku malih kapi, \u0161to \u010dini doziranje i otapanje vrlo lakim. \u010cokolada je savr\u0161ena za izradu nadjeva, pralina, za izradu dekoracija i fonduea.<\/p>\n<p>\u2022 <strong>43% kakao u zrnu<\/strong>,<br \/>\n\u2022 <strong>40% kakao maslaca<\/strong> i<br \/>\n\u2022 <strong>20% mlijeka<\/strong>.<\/p>\n<p>\u2713 Vrhunska kvaliteta<br \/>\n\u2713 Bez glutena<br \/>\n\u2713 Bez palminog ulja<br \/>\n\u2713 UTZ certifikat<\/p>\n<p>&nbsp;<\/p>\n<p>&nbsp;<\/p>","protected":false},"featured_media":8433,"comment_status":"open","ping_status":"closed","template":"","meta":{"om_disable_all_campaigns":false,"inline_featured_image":false,"_monsterinsights_skip_tracking":false,"_monsterinsights_sitenote_active":false,"_monsterinsights_sitenote_note":"","_monsterinsights_sitenote_category":0},"product_brand":[],"product_cat":[382],"product_tag":[],"class_list":{"0":"post-845","1":"product","2":"type-product","3":"status-publish","4":"has-post-thumbnail","6":"product_cat-cokolade-za-peko","7":"pa_teza-1-kg","8":"pa_teza-250g","9":"pa_teza-500g","10":"pa_znamka-lubeca","12":"first","13":"instock","14":"taxable","15":"shipping-taxable","16":"purchasable","17":"product-type-variable","18":"has-default-attributes"},"aioseo_notices":[],"_links":{"self":[{"href":"https:\/\/www.lumist.si\/hr\/wp-json\/wp\/v2\/product\/845","targetHints":{"allow":["GET"]}}],"collection":[{"href":"https:\/\/www.lumist.si\/hr\/wp-json\/wp\/v2\/product"}],"about":[{"href":"https:\/\/www.lumist.si\/hr\/wp-json\/wp\/v2\/types\/product"}],"replies":[{"embeddable":true,"href":"https:\/\/www.lumist.si\/hr\/wp-json\/wp\/v2\/comments?post=845"}],"wp:featuredmedia":[{"embeddable":true,"href":"https:\/\/www.lumist.si\/hr\/wp-json\/wp\/v2\/media\/8433"}],"wp:attachment":[{"href":"https:\/\/www.lumist.si\/hr\/wp-json\/wp\/v2\/media?parent=845"}],"wp:term":[{"taxonomy":"product_brand","embeddable":true,"href":"https:\/\/www.lumist.si\/hr\/wp-json\/wp\/v2\/product_brand?post=845"},{"taxonomy":"product_cat","embeddable":true,"href":"https:\/\/www.lumist.si\/hr\/wp-json\/wp\/v2\/product_cat?post=845"},{"taxonomy":"product_tag","embeddable":true,"href":"https:\/\/www.lumist.si\/hr\/wp-json\/wp\/v2\/product_tag?post=845"}],"curies":[{"name":"wp","href":"https:\/\/api.w.org\/{rel}","templated":true}]}}