{"id":848,"date":"2020-09-08T21:19:20","date_gmt":"2020-09-08T19:19:20","guid":{"rendered":"http:\/\/www.lumist.si\/?post_type=product&#038;p=848"},"modified":"2026-03-26T21:31:37","modified_gmt":"2026-03-26T20:31:37","slug":"temna-cokolada-ivory-coast-55","status":"publish","type":"product","link":"https:\/\/www.lumist.si\/hr\/proizvod\/temna-cokolada-ivory-coast-55\/","title":{"rendered":"Temna \u010dokolada, Ivory Coast 55 %"},"content":{"rendered":"<p><strong><span dir=\"auto\" style=\"vertical-align: inherit;\"><span dir=\"auto\" style=\"vertical-align: inherit;\">Temna \u010dokolada, Ivory Coast 55 %\u00a0 <\/span><\/span><\/strong><\/p>\n<p>priznanega nem\u0161kega proizvajalca Lubeca, je \u010dokolada s statusom kuverture. Temna \u010dokolada Ivory Coast 55% zanamuje jo intenziven okus kakavovih zrn z odtenki rde\u010dega sadja. Zaradi oblike majhnih kapljic sta doziranje in raztapljanje zelo enostavna. \u010cokolada je kot nala\u0161\u010d za izdelavo nadevov, pralin, za ustvarjanje okraskov, oblivanje in fondije. Lubeca \u010dokolada ima status \u010dokolade obliv, kar pomeni, da vsebuje ve\u010d kakavovega masla (min. 32-39%), kar v kombinaciji s termi\u010dno obdelavo daje kuverturi sijaj, blag in dolgotrajen okus ter zna\u010dilno prasketanje ob lomljenju.Lubeca ima status kuverture \u2013 \u010dokolade obliv, kar pomeni, da vsebuje ve\u010d kakavovega masla, kar v kombinaciji s termi\u010dno obdelavo daje kuverturi sijaj, blag in dolgotrajen okus ter zna\u010dilno prasketanje ob lomljenju. Temna \u010dokolada Ivory Coast 55% kuvertura bo v va\u0161i peki postala nepogre\u0161ljiva. Zaradi visoke vsebnosti kakvovega masla, je zares odli\u010dna za oblivanje vseh vrst sladic. Rezultat bo enakomeren nanos \u010dokolade ter \u010dudovit lesk kon\u010dnega izdelka.<\/p>\n<p>Upotreba: za kola\u010de, ganache, pjene, izradu \u010dokoladnih ukrasa, za izradu i punjenje pralina i drugih slatki\u0161a, u proizvodnji sladoleda, za \u010dokoladne fontane, fondue, kao topla \u010dokolada.<\/p>\n<p>*Udio kakaovca najmanje 55%.<br \/>\n*Podrijetlo zrna kakaovca: Obala Bjelokosti, Afrika.<br \/>\n*UTZ certifikat<br \/>\n*Certifikat o po\u0161tenoj trgovini<\/p>\n<p><strong>Primjena<\/strong>:<br \/>\nKreme \u2022 Mousse \u2022 Praline \u2022 Ganache \u2022 Torte \u2022 Kola\u010di \u2022 Deserti<\/p>\n<p>\u2713 Vrhunska kvaliteta<br \/>\n\u2713 Veganski<br \/>\n\u2713 Bez glutena<br \/>\n\u2713 Bez palminog ulja<br \/>\n\u2713 UTZ certifikat<\/p>\n<div class=\"woocommerce-product-details__short-description\">\n<p><strong>Skladi\u0161tenje<\/strong>: \u010cuvati na suhom i hladnom mjestu (15-20 \u00b0C), dalje od izvora topline, za\u0161ti\u0107eno od izravne sun\u010deve svjetlosti i neugodnih mirisa. Sobna temperatura ne smije prelaziti 25 \u00b0C. Nakon upotrebe vre\u0107icu dobro zatvoriti.<\/p>\n<p>&nbsp;<\/p>\n<\/div>\n<div class=\"product_meta\"><\/div>","protected":false},"excerpt":{"rendered":"<p><strong><span dir=\"auto\" style=\"vertical-align: inherit;\"><span dir=\"auto\" style=\"vertical-align: inherit;\">Temna \u010dokolada, Ivory Coast\u00a0 55%\u00a0<\/span><\/span><\/strong><\/p>\n<p>kuvertura s poreklom iz Slonoko\u0161\u010dene obale ima <strong>visok udio kakaovca<\/strong>, to\u010dno <strong>55%<\/strong> i <strong>34% kakao maslaca<\/strong>. Je primerna za vse vrste sladic; <strong>kreme<\/strong>, <strong>pjena<\/strong>, <strong>ganache<\/strong> i <strong>prelijevati se<\/strong>. Temna \u010dokolada Ivory Coast 55 % zaznamuje\u00a0 intenziven okus kakavovih zrn z odtenki rde\u010dega sadja, ki se prepleta s karamelo in vaniljo. Je mo\u010dne temne barve, izrazite arome in viskozne strukture. Zaradi oblike majhnih kapljic sta doziranje in raztapljanje zelo enostavna. Ker vsebuje 100% kakavovo maslo je \u0161e posebej odli\u010dna za oblivanje, saj daje ble\u0161\u010de\u010d izgled ter se pri rezanju sladic ne lomi.<\/p>\n<div class=\"product_meta\">\n<p><span dir=\"auto\" style=\"vertical-align: inherit;\">*Udio kakaovca najmanje 55%.<\/span><br \/>\n<span dir=\"auto\" style=\"vertical-align: inherit;\">*Podrijetlo zrna kakaovca: Obala Bjelokosti, Afrika.<\/span><br \/>\n<span dir=\"auto\" style=\"vertical-align: inherit;\">*UTZ certifikat<\/span><br \/>\n<span dir=\"auto\" style=\"vertical-align: inherit;\">*Certifikat o po\u0161tenoj trgovini<\/span><\/p>\n<p><strong><span dir=\"auto\" style=\"vertical-align: inherit;\">Primjena<\/span><\/strong><span dir=\"auto\" style=\"vertical-align: inherit;\">:<\/span><br \/>\n<span dir=\"auto\" style=\"vertical-align: inherit;\">Kreme \u2022 Mousse \u2022 Praline \u2022 Ganache \u2022 Torte \u2022 Kola\u010di \u2022 Deserti<\/span><\/p>\n<p><span dir=\"auto\" style=\"vertical-align: inherit;\">\u2713 Vrhunska kvaliteta<\/span><br \/>\n<span dir=\"auto\" style=\"vertical-align: inherit;\">\u2713 Veganski<\/span><br \/>\n<span dir=\"auto\" style=\"vertical-align: inherit;\">\u2713 Bez glutena<\/span><br \/>\n<span dir=\"auto\" style=\"vertical-align: inherit;\">\u2713 Bez palminog ulja<\/span><br \/>\n<span dir=\"auto\" style=\"vertical-align: inherit;\">\u2713 UTZ certifikat<\/span><\/p>\n<div class=\"product_meta\"><\/div>\n<\/div>","protected":false},"featured_media":8442,"comment_status":"open","ping_status":"closed","template":"","meta":{"om_disable_all_campaigns":false,"inline_featured_image":false,"_monsterinsights_skip_tracking":false,"_monsterinsights_sitenote_active":false,"_monsterinsights_sitenote_note":"","_monsterinsights_sitenote_category":0},"product_brand":[],"product_cat":[382],"product_tag":[],"class_list":{"0":"post-848","1":"product","2":"type-product","3":"status-publish","4":"has-post-thumbnail","6":"product_cat-cokolade-za-peko","7":"pa_teza-1-kg","8":"pa_teza-250-g","9":"pa_teza-500g","10":"pa_znamka-lubeca","12":"first","13":"instock","14":"taxable","15":"shipping-taxable","16":"purchasable","17":"product-type-variable","18":"has-default-attributes"},"aioseo_notices":[],"_links":{"self":[{"href":"https:\/\/www.lumist.si\/hr\/wp-json\/wp\/v2\/product\/848","targetHints":{"allow":["GET"]}}],"collection":[{"href":"https:\/\/www.lumist.si\/hr\/wp-json\/wp\/v2\/product"}],"about":[{"href":"https:\/\/www.lumist.si\/hr\/wp-json\/wp\/v2\/types\/product"}],"replies":[{"embeddable":true,"href":"https:\/\/www.lumist.si\/hr\/wp-json\/wp\/v2\/comments?post=848"}],"wp:featuredmedia":[{"embeddable":true,"href":"https:\/\/www.lumist.si\/hr\/wp-json\/wp\/v2\/media\/8442"}],"wp:attachment":[{"href":"https:\/\/www.lumist.si\/hr\/wp-json\/wp\/v2\/media?parent=848"}],"wp:term":[{"taxonomy":"product_brand","embeddable":true,"href":"https:\/\/www.lumist.si\/hr\/wp-json\/wp\/v2\/product_brand?post=848"},{"taxonomy":"product_cat","embeddable":true,"href":"https:\/\/www.lumist.si\/hr\/wp-json\/wp\/v2\/product_cat?post=848"},{"taxonomy":"product_tag","embeddable":true,"href":"https:\/\/www.lumist.si\/hr\/wp-json\/wp\/v2\/product_tag?post=848"}],"curies":[{"name":"wp","href":"https:\/\/api.w.org\/{rel}","templated":true}]}}