{"id":8746,"date":"2023-02-28T21:50:42","date_gmt":"2023-02-28T20:50:42","guid":{"rendered":"https:\/\/www.lumist.si\/?post_type=product&#038;p=8746"},"modified":"2026-01-01T20:30:14","modified_gmt":"2026-01-01T19:30:14","slug":"perlice-retro-zlate","status":"publish","type":"product","link":"https:\/\/www.lumist.si\/hr\/proizvod\/perlice-retro-zlate\/","title":{"rendered":"Perlice Retro zlate 100 g"},"content":{"rendered":"<p><strong>Perlice Retro zlate<\/strong><\/p>\n<p>Sodobne zlate kroglice so sladkorni okraski s hrustljavo sredico na osnovi ri\u017eeve moke. Te 4 mm premera sladkorno oblo\u017eene sijo\u010de kroglice dodajo pridih elegance tako tradicionalnim kot inovativnim sla\u0161\u010di\u010darskim kreacijam. Visokokakovostna barvila zagotavljajo obstojnost barve.<\/p>\n<p><strong>Tip<\/strong>: Sijo\u010de, mehke, sladkorni okraski<br \/>\n<strong>Pakiranje:<\/strong> 50 g<br \/>\n<strong>Dimenzija:<\/strong> 4 mm<br \/>\n<strong>Ukus:<\/strong> Sladkorna pasta<\/p>\n<p>Mehke, narejene iz odli\u010dne sladkorne mase, 4mm <strong>by Barbara Decor<\/strong>.<\/p>\n<p><strong>Opis<\/strong>: mehki sladkorni biseri z ble\u0161\u010de\u010dim modro bisernim zaklju\u010dkom namenjene sla\u0161\u010di\u010darski dekoraciji<br \/>\n(kola\u010dki, pi\u0161koti, torte, sladice, torte, roglji\u010dki, sladoled).<\/p>\n<p>Barva: sijo\u010da retro zlata.<br \/>\nPremer: 4 mm.<\/p>\n<p>Shranjujte v suhem in hladnem prostoru, v tesno zaprti posodi.<\/p>\n<p><strong>Format:<\/strong> Kroglica<\/p>","protected":false},"excerpt":{"rendered":"<p><strong>Perlice Retro zlate<\/strong><\/p>\n<p>Sodobne zlate kroglice so sladkorni okraski s hrustljavo sredico na osnovi ri\u017eeve moke. Te 4 mm premera sladkorno oblo\u017eene sijo\u010de kroglice dodajo pridih elegance tako tradicionalnim kot inovativnim sla\u0161\u010di\u010darskim kreacijam. Visokokakovostna barvila zagotavljajo obstojnost barve.<\/p>\n<p>&nbsp;<\/p>","protected":false},"featured_media":8747,"comment_status":"open","ping_status":"closed","template":"","meta":{"om_disable_all_campaigns":false,"inline_featured_image":false,"_monsterinsights_skip_tracking":false,"_monsterinsights_sitenote_active":false,"_monsterinsights_sitenote_note":"","_monsterinsights_sitenote_category":0},"product_brand":[],"product_cat":[117,99],"product_tag":[],"class_list":{"0":"post-8746","1":"product","2":"type-product","3":"status-publish","4":"has-post-thumbnail","6":"product_cat-dekoracija-sladic","7":"product_cat-sladkorne-in-cokoladne-perlice","8":"pa_teza-100-g","9":"pa_znamka-barbara-luijckx","11":"first","12":"instock","13":"sale","14":"taxable","15":"shipping-taxable","16":"purchasable","17":"product-type-simple"},"aioseo_notices":[],"_links":{"self":[{"href":"https:\/\/www.lumist.si\/hr\/wp-json\/wp\/v2\/product\/8746","targetHints":{"allow":["GET"]}}],"collection":[{"href":"https:\/\/www.lumist.si\/hr\/wp-json\/wp\/v2\/product"}],"about":[{"href":"https:\/\/www.lumist.si\/hr\/wp-json\/wp\/v2\/types\/product"}],"replies":[{"embeddable":true,"href":"https:\/\/www.lumist.si\/hr\/wp-json\/wp\/v2\/comments?post=8746"}],"wp:featuredmedia":[{"embeddable":true,"href":"https:\/\/www.lumist.si\/hr\/wp-json\/wp\/v2\/media\/8747"}],"wp:attachment":[{"href":"https:\/\/www.lumist.si\/hr\/wp-json\/wp\/v2\/media?parent=8746"}],"wp:term":[{"taxonomy":"product_brand","embeddable":true,"href":"https:\/\/www.lumist.si\/hr\/wp-json\/wp\/v2\/product_brand?post=8746"},{"taxonomy":"product_cat","embeddable":true,"href":"https:\/\/www.lumist.si\/hr\/wp-json\/wp\/v2\/product_cat?post=8746"},{"taxonomy":"product_tag","embeddable":true,"href":"https:\/\/www.lumist.si\/hr\/wp-json\/wp\/v2\/product_tag?post=8746"}],"curies":[{"name":"wp","href":"https:\/\/api.w.org\/{rel}","templated":true}]}}