{"id":944,"date":"2020-09-13T13:24:02","date_gmt":"2020-09-13T11:24:02","guid":{"rendered":"http:\/\/www.lumist.si\/?post_type=product&#038;p=944"},"modified":"2025-10-24T17:47:57","modified_gmt":"2025-10-24T15:47:57","slug":"cokoladni-listi-marmorirani-100g","status":"publish","type":"product","link":"https:\/\/www.lumist.si\/hr\/proizvod\/cokoladni-listi-marmorirani-100g\/","title":{"rendered":"\u010cokoladni listi marmorirani 100 g"},"content":{"rendered":"<p><strong>\u010cokoladni\u00a0 listi marmorirani 100 g<\/strong><\/p>\n<p>\u010cOKOLADNI LISTI\u0106I 50 mm \u010dokoladni ukras Barbara Decor:<br \/>\nOpis: mali vrbovi listi\u0107i od bijele i tamne \u010dokolade.<br \/>\nNamijenjeni su za ukra\u0161avanje torti, slastica, sladoleda, krema, pjena i sl.<br \/>\nElegantan i univerzalan, a iznimno ekonomi\u010dan u svakodnevnoj uporabi.<br \/>\nUzorak: mramoriran<\/p>","protected":false},"excerpt":{"rendered":"<p><strong>\u010cokoladni\u00a0 listi marmorirani\u00a0<\/strong><\/p>\n<p>\u010cOKOLADNI LISTI\u0106I 50 mm \u010dokoladni ukras Barbara Decor:<br \/>\nOpis: mali vrbovi listi\u0107i od bijele i tamne \u010dokolade.<br \/>\nNamijenjeni su za ukra\u0161avanje torti, slastica, sladoleda, krema, pjena i sl.<br \/>\nElegantan i univerzalan, a iznimno ekonomi\u010dan u svakodnevnoj uporabi.<br \/>\nUzorak: mramoriran<br \/>\n\u010cuvanje: \u010cuvati na 15-20\u00b0C, relativnoj vla\u017enosti ispod 70%.<br \/>\nZa\u0161tititi od izravnog izlaganja svjetlu i stranim mirisima.<\/p>\n<p>Mali vrbovi listi\u0107i od bijele i tamne \u010dokolade. Namijenjeni su za ukra\u0161avanje torti, slastica, sladoleda, krema, pjena i sl. Elegantan i univerzalan ukras, a iznimno ekonomi\u010dan u svakodnevnoj upotrebi.<\/p>\n<p>Tip: \u010cokoladni ukrasi<br \/>\n\u0160ifra: 333307<br \/>\nOkus: tamna \u010dokolada, bijela \u010dokolada<br \/>\nOblik: listovi<br \/>\nPrimjena: univerzalna<\/p>\n<p>Neto pretpakirano: 150 g.<\/p>","protected":false},"featured_media":1641,"comment_status":"open","ping_status":"closed","template":"","meta":{"om_disable_all_campaigns":false,"inline_featured_image":false,"_monsterinsights_skip_tracking":false,"_monsterinsights_sitenote_active":false,"_monsterinsights_sitenote_note":"","_monsterinsights_sitenote_category":0},"product_brand":[],"product_cat":[117,27,100],"product_tag":[],"class_list":{"0":"post-944","1":"product","2":"type-product","3":"status-publish","4":"has-post-thumbnail","6":"product_cat-dekoracija-sladic","7":"product_cat-cokoladni-okraski","8":"product_cat-listici-roze-metulji","9":"pa_teza-100-g","11":"first","12":"instock","13":"taxable","14":"shipping-taxable","15":"purchasable","16":"product-type-variable","17":"has-default-attributes"},"aioseo_notices":[],"_links":{"self":[{"href":"https:\/\/www.lumist.si\/hr\/wp-json\/wp\/v2\/product\/944","targetHints":{"allow":["GET"]}}],"collection":[{"href":"https:\/\/www.lumist.si\/hr\/wp-json\/wp\/v2\/product"}],"about":[{"href":"https:\/\/www.lumist.si\/hr\/wp-json\/wp\/v2\/types\/product"}],"replies":[{"embeddable":true,"href":"https:\/\/www.lumist.si\/hr\/wp-json\/wp\/v2\/comments?post=944"}],"wp:featuredmedia":[{"embeddable":true,"href":"https:\/\/www.lumist.si\/hr\/wp-json\/wp\/v2\/media\/1641"}],"wp:attachment":[{"href":"https:\/\/www.lumist.si\/hr\/wp-json\/wp\/v2\/media?parent=944"}],"wp:term":[{"taxonomy":"product_brand","embeddable":true,"href":"https:\/\/www.lumist.si\/hr\/wp-json\/wp\/v2\/product_brand?post=944"},{"taxonomy":"product_cat","embeddable":true,"href":"https:\/\/www.lumist.si\/hr\/wp-json\/wp\/v2\/product_cat?post=944"},{"taxonomy":"product_tag","embeddable":true,"href":"https:\/\/www.lumist.si\/hr\/wp-json\/wp\/v2\/product_tag?post=944"}],"curies":[{"name":"wp","href":"https:\/\/api.w.org\/{rel}","templated":true}]}}