{"id":9529,"date":"2023-04-11T19:16:46","date_gmt":"2023-04-11T17:16:46","guid":{"rendered":"https:\/\/www.lumist.si\/?post_type=product&#038;p=9529"},"modified":"2026-04-10T09:03:29","modified_gmt":"2026-04-10T07:03:29","slug":"zelatina-v-prahu-top-gel","status":"publish","type":"product","link":"https:\/\/www.lumist.si\/hr\/proizvod\/zelatina-v-prahu-top-gel\/","title":{"rendered":"\u017delatina u prahu-Top gel"},"content":{"rendered":"<p>\u017delatina v prahu<\/p>\n<p><strong>Vrhunski gel<\/strong> \u017eelatina u prahu <strong>nema potrebe namakati<\/strong> nego se mije\u0161a izravno u teku\u0107inu koja sadr\u017ei vodu.<\/p>\n<p>\u017delatina se mo\u017ee koristiti za pripremu krema, pjena, d\u017eemova, jogurta, namaza itd. Koristi se kao zamjena za masno\u0107u jer daje ugodan okus u ustima, pove\u0107ava volumen jela bez dodavanja kalorija.<\/p>\n<p>\u017delatina je \u017eivotinjski proizvod i nije prikladna za vegetarijance i vegane. U ovom slu\u010daju koristimo druge vrste \u017eelira biljnog podrijetla, agar-agar, gellan, ksantan, guar gumu i druge.<\/p>","protected":false},"excerpt":{"rendered":"<p>\u017delatina v prahu<\/p>\n<p><strong>Vrhunski gel<\/strong> \u017eelatina u prahu <strong>nema potrebe namakati<\/strong> nego se mije\u0161a izravno u teku\u0107inu koja sadr\u017ei vodu.<\/p>\n<p>&nbsp;<\/p>","protected":false},"featured_media":11983,"comment_status":"open","ping_status":"closed","template":"","meta":{"om_disable_all_campaigns":false,"inline_featured_image":false,"_monsterinsights_skip_tracking":false,"_monsterinsights_sitenote_active":false,"_monsterinsights_sitenote_note":"","_monsterinsights_sitenote_category":0},"product_brand":[],"product_cat":[164],"product_tag":[],"class_list":{"0":"post-9529","1":"product","2":"type-product","3":"status-publish","4":"has-post-thumbnail","6":"product_cat-mesanice-za-kreme","7":"pa_teza-100-g","9":"first","10":"instock","11":"taxable","12":"shipping-taxable","13":"purchasable","14":"product-type-variable","15":"has-default-attributes"},"aioseo_notices":[],"_links":{"self":[{"href":"https:\/\/www.lumist.si\/hr\/wp-json\/wp\/v2\/product\/9529","targetHints":{"allow":["GET"]}}],"collection":[{"href":"https:\/\/www.lumist.si\/hr\/wp-json\/wp\/v2\/product"}],"about":[{"href":"https:\/\/www.lumist.si\/hr\/wp-json\/wp\/v2\/types\/product"}],"replies":[{"embeddable":true,"href":"https:\/\/www.lumist.si\/hr\/wp-json\/wp\/v2\/comments?post=9529"}],"wp:featuredmedia":[{"embeddable":true,"href":"https:\/\/www.lumist.si\/hr\/wp-json\/wp\/v2\/media\/11983"}],"wp:attachment":[{"href":"https:\/\/www.lumist.si\/hr\/wp-json\/wp\/v2\/media?parent=9529"}],"wp:term":[{"taxonomy":"product_brand","embeddable":true,"href":"https:\/\/www.lumist.si\/hr\/wp-json\/wp\/v2\/product_brand?post=9529"},{"taxonomy":"product_cat","embeddable":true,"href":"https:\/\/www.lumist.si\/hr\/wp-json\/wp\/v2\/product_cat?post=9529"},{"taxonomy":"product_tag","embeddable":true,"href":"https:\/\/www.lumist.si\/hr\/wp-json\/wp\/v2\/product_tag?post=9529"}],"curies":[{"name":"wp","href":"https:\/\/api.w.org\/{rel}","templated":true}]}}