{"id":9537,"date":"2023-04-11T19:41:19","date_gmt":"2023-04-11T17:41:19","guid":{"rendered":"https:\/\/www.lumist.si\/?post_type=product&#038;p=9537"},"modified":"2026-04-22T09:44:51","modified_gmt":"2026-04-22T07:44:51","slug":"preliv-lesnik-krokiche","status":"publish","type":"product","link":"https:\/\/www.lumist.si\/hr\/proizvod\/preliv-lesnik-krokiche\/","title":{"rendered":"Preliv Le\u0161nik &#8220;Krokiche&#8221;"},"content":{"rendered":"<p><strong>Preliv le\u0161nik &#8220;kroki\u0161e&#8221;<\/strong><\/p>\n<p>Preljev karakteristi\u010dnog okusa <strong>Ferrero, ukusna \u010dokoladna krema s hrskavo pr\u017eenim lje\u0161njacima<\/strong> je svestran proizvod. Koristi se za prelijevanje, kao nadjev za torte, torte na \u0161tapi\u0107e, jednoporcijske torte, deserte u \u010da\u0161ama, za izradu krema ili moussa. Tako\u0111er odli\u010dan za aromatiziranje. Bez aditiva, konzervansa i lo\u0161ih masno\u0107a.<\/p>\n<p><strong>UPUTE<\/strong><\/p>\n<p><strong>Za izradu kreme koja nam je potrebna<\/strong>:<br \/>\n\u2013 500 grama vrhnja<br \/>\n\u2013 400 grama mlijeka<br \/>\n\u2013 40 grama \u0161e\u0107era<br \/>\n\u2013 180 grama \u017eelatine <strong><a href=\"https:\/\/www.lumist.si\/hr\/proizvod\/top-gel-zelatina-v-prahu-100-g\/\">TOPGEL<\/a><\/strong><br \/>\n\u2013 160 grama dekoracije <strong>Lindiche Krok<\/strong><\/p>\n<p><strong>Za izradu diska trebamo<\/strong>:<br \/>\n\u2013 60 grama vode<br \/>\n\u2013 20 grama \u017eelatine <strong><a href=\"https:\/\/www.lumist.si\/hr\/proizvod\/top-gel-zelatina-v-prahu-100-g\/\">TOPGEL<\/a><\/strong><br \/>\n\u2013 100 grama dekoracije <strong>Lindiche Krok<\/strong><\/p>\n<p>Biskvit prethodno ispe\u0107i.<\/p>\n<p><strong>Priprema diska<\/strong><br \/>\nSve sastojke odva\u017eite u jednu posudu i izmije\u0161ajte mikserom. Dobivenu masu izliti u silikonski kalup i zamrznuti.<\/p>\n<p><strong>Priprema kreme<\/strong><br \/>\nPrvo umutiti slatko vrhnje u srednje \u010dvrsti \u0161lag.<br \/>\nU drugoj posudi dobro izmije\u0161ajte ostale sastojke za kremu da nema grudica i ulijte u \u0161lag. Mije\u0161ajte mikserom na niskoj brzini cca.<\/p>\n<p>Pe\u010deni sloj biskvita staviti u kalup oblo\u017een acetatnom folijom. Na njega stavite prethodno zamrznuti disk. Napunite kremom kalup i ostavite u hladnjaku, najbolje preko no\u0107i. Tortu mo\u017eete ukrasiti tako da zagrijete Lindiche Krok dekoraciju na sobnu temperaturu i prelijete je. Ukrasite po \u017eelji.<\/p>","protected":false},"excerpt":{"rendered":"<p><strong>Preliv le\u0161nik &#8220;kroki\u0161e&#8221;<\/strong><\/p>\n<p>Preljev karakteristi\u010dnog okusa <strong>Ferrero, ukusna \u010dokoladna krema s hrskavo pr\u017eenim lje\u0161njacima<\/strong> je svestran proizvod. Koristi se za prelijevanje, kao nadjev za torte, torte na \u0161tapi\u0107e, jednoporcijske torte, deserte u \u010da\u0161ama, za izradu krema ili moussa. Tako\u0111er odli\u010dan za aromatiziranje. Bez aditiva, konzervansa i lo\u0161ih masno\u0107a.<\/p>\n<p>&nbsp;<\/p>","protected":false},"featured_media":11958,"comment_status":"open","ping_status":"closed","template":"","meta":{"om_disable_all_campaigns":false,"inline_featured_image":false,"_monsterinsights_skip_tracking":false,"_monsterinsights_sitenote_active":false,"_monsterinsights_sitenote_note":"","_monsterinsights_sitenote_category":0},"product_brand":[],"product_cat":[121,339],"product_tag":[],"class_list":{"0":"post-9537","1":"product","2":"type-product","3":"status-publish","4":"has-post-thumbnail","6":"product_cat-kreme-polnila","7":"product_cat-dekor-kreme-in-prelivi","8":"pa_okus-lesnik","9":"pa_teza-250-g","10":"pa_znamka-rokmar","12":"first","13":"instock","14":"taxable","15":"shipping-taxable","16":"purchasable","17":"product-type-variable","18":"has-default-attributes"},"aioseo_notices":[],"_links":{"self":[{"href":"https:\/\/www.lumist.si\/hr\/wp-json\/wp\/v2\/product\/9537","targetHints":{"allow":["GET"]}}],"collection":[{"href":"https:\/\/www.lumist.si\/hr\/wp-json\/wp\/v2\/product"}],"about":[{"href":"https:\/\/www.lumist.si\/hr\/wp-json\/wp\/v2\/types\/product"}],"replies":[{"embeddable":true,"href":"https:\/\/www.lumist.si\/hr\/wp-json\/wp\/v2\/comments?post=9537"}],"wp:featuredmedia":[{"embeddable":true,"href":"https:\/\/www.lumist.si\/hr\/wp-json\/wp\/v2\/media\/11958"}],"wp:attachment":[{"href":"https:\/\/www.lumist.si\/hr\/wp-json\/wp\/v2\/media?parent=9537"}],"wp:term":[{"taxonomy":"product_brand","embeddable":true,"href":"https:\/\/www.lumist.si\/hr\/wp-json\/wp\/v2\/product_brand?post=9537"},{"taxonomy":"product_cat","embeddable":true,"href":"https:\/\/www.lumist.si\/hr\/wp-json\/wp\/v2\/product_cat?post=9537"},{"taxonomy":"product_tag","embeddable":true,"href":"https:\/\/www.lumist.si\/hr\/wp-json\/wp\/v2\/product_tag?post=9537"}],"curies":[{"name":"wp","href":"https:\/\/api.w.org\/{rel}","templated":true}]}}