{"id":9615,"date":"2023-04-20T21:18:47","date_gmt":"2023-04-20T19:18:47","guid":{"rendered":"https:\/\/www.lumist.si\/?post_type=product&#038;p=9615"},"modified":"2026-03-28T21:38:57","modified_gmt":"2026-03-28T20:38:57","slug":"preliv-malina","status":"publish","type":"product","link":"https:\/\/www.lumist.si\/hr\/proizvod\/preliv-malina\/","title":{"rendered":"Preliv Malina"},"content":{"rendered":"<p><strong>Preliv Malina<\/strong><\/p>\n<p>Dekorativni vo\u0107ni preljev malina, prekrasne tamno ru\u017ei\u010daste boje, sadr\u017ei 30 % vo\u0107a i svestrani je proizvod. Koristi se za preljeve, kao nadjev za torte, torte na \u0161tapi\u0107e, jednoporcijske torte, slastice u staklenkama, te za izradu kreme ili pjene. Tako\u0111er odli\u010dan za aromatiziranje. Bez aditiva, konzervansa i lo\u0161ih masti.<\/p>\n<p><strong>Koristite ga za<\/strong>:<br \/>\n\u2013 Preljev svih vrsta slastica, kao \u0161to su torte, brownies, cheesecake, deserti od vanilije, pala\u010dinke, sladoled,<br \/>\n\u2013 Kao nadjev za kola\u010de i slastice<br \/>\n\u2013 Oboga\u0107ivanje deserta kremom ili mousseom.<\/p>\n<p><strong>Proizvod je<\/strong>:<br \/>\n- Bez glutena<br \/>\n\u2013 Bez palminog ulja<br \/>\n\u2013 Bez soje.<\/p>\n<p><strong>Skladi\u0161tenje<\/strong>: \u010cuvati na suhom mjestu daleko od izravnih izvora topline.<\/p>","protected":false},"excerpt":{"rendered":"<p><strong>Preliv Malina<\/strong><\/p>\n<p>Dekorativni sadni\u00a0 preliv malina lepe temno roza barve, vsebuje 30 % sadja in je vsestranski produkt.<\/p>\n<p>Uporablja se ga za prelivanje, kot polnilo tortam, torticam na pal\u010dkah, monoporcijskim torticam, sladicam v kozar\u010dkih, za izdelavo kreme ali moussa. Odli\u010den tudi za aromatiziranje. Brez aditivov, konzervansev in slabih ma\u0161\u010dob.<\/p>\n<p>&nbsp;<\/p>","protected":false},"featured_media":11976,"comment_status":"open","ping_status":"closed","template":"","meta":{"om_disable_all_campaigns":false,"inline_featured_image":false,"_monsterinsights_skip_tracking":false,"_monsterinsights_sitenote_active":false,"_monsterinsights_sitenote_note":"","_monsterinsights_sitenote_category":0},"product_brand":[],"product_cat":[339],"product_tag":[],"class_list":{"0":"post-9615","1":"product","2":"type-product","3":"status-publish","4":"has-post-thumbnail","6":"product_cat-dekor-kreme-in-prelivi","7":"pa_okus-malina","8":"pa_teza-250-g","9":"pa_znamka-rokmar","11":"first","12":"instock","13":"taxable","14":"shipping-taxable","15":"purchasable","16":"product-type-variable","17":"has-default-attributes"},"aioseo_notices":[],"_links":{"self":[{"href":"https:\/\/www.lumist.si\/hr\/wp-json\/wp\/v2\/product\/9615","targetHints":{"allow":["GET"]}}],"collection":[{"href":"https:\/\/www.lumist.si\/hr\/wp-json\/wp\/v2\/product"}],"about":[{"href":"https:\/\/www.lumist.si\/hr\/wp-json\/wp\/v2\/types\/product"}],"replies":[{"embeddable":true,"href":"https:\/\/www.lumist.si\/hr\/wp-json\/wp\/v2\/comments?post=9615"}],"wp:featuredmedia":[{"embeddable":true,"href":"https:\/\/www.lumist.si\/hr\/wp-json\/wp\/v2\/media\/11976"}],"wp:attachment":[{"href":"https:\/\/www.lumist.si\/hr\/wp-json\/wp\/v2\/media?parent=9615"}],"wp:term":[{"taxonomy":"product_brand","embeddable":true,"href":"https:\/\/www.lumist.si\/hr\/wp-json\/wp\/v2\/product_brand?post=9615"},{"taxonomy":"product_cat","embeddable":true,"href":"https:\/\/www.lumist.si\/hr\/wp-json\/wp\/v2\/product_cat?post=9615"},{"taxonomy":"product_tag","embeddable":true,"href":"https:\/\/www.lumist.si\/hr\/wp-json\/wp\/v2\/product_tag?post=9615"}],"curies":[{"name":"wp","href":"https:\/\/api.w.org\/{rel}","templated":true}]}}