{"id":9618,"date":"2023-04-20T21:24:13","date_gmt":"2023-04-20T19:24:13","guid":{"rendered":"https:\/\/www.lumist.si\/?post_type=product&#038;p=9618"},"modified":"2026-03-08T11:25:31","modified_gmt":"2026-03-08T10:25:31","slug":"preliv-mango","status":"publish","type":"product","link":"https:\/\/www.lumist.si\/hr\/proizvod\/preliv-mango\/","title":{"rendered":"Preliv Mango"},"content":{"rendered":"<p>Preliv Mango<\/p>\n<p>Okusen sadni preliv mango je vsestranski produkt. Uporablja se ga za prelivanje, kot polnilo tortam, torticam na pal\u010dkah, monoporcijskim torticam, sladicam v kozar\u010dkih, za izdelavo kreme ali moussa. Odli\u010den tudi za aromatiziranje. Brez aditivov, konzervansev in slabih ma\u0161\u010dob.<\/p>\n<p><strong>Koristite ga za<\/strong>:<br \/>\n\u2013 Preljev svih vrsta slastica, kao \u0161to su torte, brownies, cheesecake, deserti od vanilije, pala\u010dinke, sladoled,<br \/>\n\u2013 Kao nadjev za kola\u010de i slastice<br \/>\n\u2013 Oboga\u0107ivanje deserta kremom ili mousseom.<\/p>\n<p><strong>Proizvod je<\/strong>:<br \/>\n- Bez glutena<br \/>\n\u2013 Bez palminog ulja<br \/>\n\u2013 Bez soje.<\/p>\n<p><strong>Skladi\u0161tenje<\/strong>: \u010cuvati na suhom mjestu daleko od izravnih izvora topline.<\/p>","protected":false},"excerpt":{"rendered":"<p><strong>Preliv Mango<\/strong><\/p>\n<p>Okusen sadni preliv mango je vsestranski produkt. Uporablja se ga za prelivanje, kot polnilo tortam, torticam na pal\u010dkah, monoporcijskim torticam, sladicam v kozar\u010dkih, za izdelavo kreme ali moussa. Odli\u010den tudi za aromatiziranje. Brez aditivov, konzervansev in slabih ma\u0161\u010dob.<\/p>\n<p>&nbsp;<\/p>","protected":false},"featured_media":11928,"comment_status":"open","ping_status":"closed","template":"","meta":{"om_disable_all_campaigns":false,"inline_featured_image":false,"_monsterinsights_skip_tracking":false,"_monsterinsights_sitenote_active":false,"_monsterinsights_sitenote_note":"","_monsterinsights_sitenote_category":0},"product_brand":[],"product_cat":[339],"product_tag":[],"class_list":{"0":"post-9618","1":"product","2":"type-product","3":"status-publish","4":"has-post-thumbnail","6":"product_cat-dekor-kreme-in-prelivi","7":"pa_okus-mango","8":"pa_teza-250-g","9":"pa_znamka-rokmar","11":"first","12":"instock","13":"taxable","14":"shipping-taxable","15":"purchasable","16":"product-type-variable","17":"has-default-attributes"},"aioseo_notices":[],"_links":{"self":[{"href":"https:\/\/www.lumist.si\/hr\/wp-json\/wp\/v2\/product\/9618","targetHints":{"allow":["GET"]}}],"collection":[{"href":"https:\/\/www.lumist.si\/hr\/wp-json\/wp\/v2\/product"}],"about":[{"href":"https:\/\/www.lumist.si\/hr\/wp-json\/wp\/v2\/types\/product"}],"replies":[{"embeddable":true,"href":"https:\/\/www.lumist.si\/hr\/wp-json\/wp\/v2\/comments?post=9618"}],"wp:featuredmedia":[{"embeddable":true,"href":"https:\/\/www.lumist.si\/hr\/wp-json\/wp\/v2\/media\/11928"}],"wp:attachment":[{"href":"https:\/\/www.lumist.si\/hr\/wp-json\/wp\/v2\/media?parent=9618"}],"wp:term":[{"taxonomy":"product_brand","embeddable":true,"href":"https:\/\/www.lumist.si\/hr\/wp-json\/wp\/v2\/product_brand?post=9618"},{"taxonomy":"product_cat","embeddable":true,"href":"https:\/\/www.lumist.si\/hr\/wp-json\/wp\/v2\/product_cat?post=9618"},{"taxonomy":"product_tag","embeddable":true,"href":"https:\/\/www.lumist.si\/hr\/wp-json\/wp\/v2\/product_tag?post=9618"}],"curies":[{"name":"wp","href":"https:\/\/api.w.org\/{rel}","templated":true}]}}