{"id":9624,"date":"2023-04-20T21:33:11","date_gmt":"2023-04-20T19:33:11","guid":{"rendered":"https:\/\/www.lumist.si\/?post_type=product&#038;p=9624"},"modified":"2026-04-22T09:37:10","modified_gmt":"2026-04-22T07:37:10","slug":"preliv-jagoda","status":"publish","type":"product","link":"https:\/\/www.lumist.si\/hr\/proizvod\/preliv-jagoda\/","title":{"rendered":"Preliv Jagoda"},"content":{"rendered":"<p><strong><span dir=\"auto\" style=\"vertical-align: inherit;\"><span dir=\"auto\" style=\"vertical-align: inherit;\"><span dir=\"auto\" style=\"vertical-align: inherit;\"><span dir=\"auto\" style=\"vertical-align: inherit;\"><span dir=\"auto\" style=\"vertical-align: inherit;\"><span dir=\"auto\" style=\"vertical-align: inherit;\">Preliv Jagoda<\/span><\/span><\/span><\/span><\/span><\/span><\/strong><\/p>\n<p>Dekorativni preliv iz celih jagod. Vsebuje 30 % sadnega dele\u017ea. Preliv jagoda priporo\u010damo za obogatitev okusa pri kremah, za prelivanje, kot polnilo tortam, torticam na pal\u010dkah, monoporcijskim torticam, sladicam v kozar\u010dkih, za izdelavo kreme ali moussa. Odli\u010den tudi za aromatiziranje. Brez aditivov, konzervansev in slabih ma\u0161\u010dob.<\/p>\n<p>Koristite ga za<br \/>\n\u2013 Preljev svih vrsta slastica, kao \u0161to su torte, brownies, cheesecake, deserti od vanilije, pala\u010dinke, sladoled,<br \/>\n\u2013 Kao nadjev za kola\u010de i slastice<br \/>\n\u2013 Oboga\u0107ivanje deserta kremom ili mousseom.<\/p>\n<p>Proizvod je:<br \/>\n- Bez glutena<br \/>\n\u2013 Bez palminog ulja<br \/>\n\u2013 Bez soje.<\/p>\n<p>Skladi\u0161tenje: \u010cuvati na suhom mjestu, dalje od izravnih izvora topline.<\/p>","protected":false},"excerpt":{"rendered":"<p><strong><span dir=\"auto\" style=\"vertical-align: inherit;\"><span dir=\"auto\" style=\"vertical-align: inherit;\"><span dir=\"auto\" style=\"vertical-align: inherit;\"><span dir=\"auto\" style=\"vertical-align: inherit;\"><span dir=\"auto\" style=\"vertical-align: inherit;\"><span dir=\"auto\" style=\"vertical-align: inherit;\">Preliv Jagoda<\/span><\/span><\/span><\/span><\/span><\/span><\/strong><\/p>\n<p><span dir=\"auto\" style=\"vertical-align: inherit;\"><span dir=\"auto\" style=\"vertical-align: inherit;\"><span dir=\"auto\" style=\"vertical-align: inherit;\"><span dir=\"auto\" style=\"vertical-align: inherit;\"><span dir=\"auto\" style=\"vertical-align: inherit;\"><span dir=\"auto\" style=\"vertical-align: inherit;\">Dekorativni preliv iz celih jagod. Vsebuje 30 % sadnega dele\u017ea. Preliv jagoda priporo\u010damo <\/span><\/span><\/span><\/span><\/span><\/span><span dir=\"auto\" style=\"vertical-align: inherit;\"><span dir=\"auto\" style=\"vertical-align: inherit;\"><span dir=\"auto\" style=\"vertical-align: inherit;\"><span dir=\"auto\" style=\"vertical-align: inherit;\"><span dir=\"auto\" style=\"vertical-align: inherit;\"><span dir=\"auto\" style=\"vertical-align: inherit;\">za obogatitev okusa pri kremah, za prelivanje, kot polnilo tortam, torticam na pal\u010dkah, monoporcijskim torticam, sladicam v kozar\u010dkih, za izdelavo kreme ali moussa. Odli\u010den tudi za aromatiziranje. Brez aditivov, konzervansev in slabih ma\u0161\u010dob.<\/span><\/span><\/span><\/span><\/span><\/span><\/p>\n<p>Proizvod je:<br \/>\n- Bez glutena<br \/>\n\u2013 Bez palminog ulja<br \/>\n\u2013 Bez soje.<\/p>","protected":false},"featured_media":11922,"comment_status":"open","ping_status":"closed","template":"","meta":{"om_disable_all_campaigns":false,"inline_featured_image":false,"_monsterinsights_skip_tracking":false,"_monsterinsights_sitenote_active":false,"_monsterinsights_sitenote_note":"","_monsterinsights_sitenote_category":0},"product_brand":[],"product_cat":[121,339,333],"product_tag":[],"class_list":{"0":"post-9624","1":"product","2":"type-product","3":"status-publish","4":"has-post-thumbnail","6":"product_cat-kreme-polnila","7":"product_cat-dekor-kreme-in-prelivi","8":"product_cat-vegan","9":"pa_okus-jagoda","10":"pa_teza-250-g","11":"pa_znamka-rokmar","13":"first","14":"instock","15":"taxable","16":"shipping-taxable","17":"purchasable","18":"product-type-variable","19":"has-default-attributes"},"aioseo_notices":[],"_links":{"self":[{"href":"https:\/\/www.lumist.si\/hr\/wp-json\/wp\/v2\/product\/9624","targetHints":{"allow":["GET"]}}],"collection":[{"href":"https:\/\/www.lumist.si\/hr\/wp-json\/wp\/v2\/product"}],"about":[{"href":"https:\/\/www.lumist.si\/hr\/wp-json\/wp\/v2\/types\/product"}],"replies":[{"embeddable":true,"href":"https:\/\/www.lumist.si\/hr\/wp-json\/wp\/v2\/comments?post=9624"}],"wp:featuredmedia":[{"embeddable":true,"href":"https:\/\/www.lumist.si\/hr\/wp-json\/wp\/v2\/media\/11922"}],"wp:attachment":[{"href":"https:\/\/www.lumist.si\/hr\/wp-json\/wp\/v2\/media?parent=9624"}],"wp:term":[{"taxonomy":"product_brand","embeddable":true,"href":"https:\/\/www.lumist.si\/hr\/wp-json\/wp\/v2\/product_brand?post=9624"},{"taxonomy":"product_cat","embeddable":true,"href":"https:\/\/www.lumist.si\/hr\/wp-json\/wp\/v2\/product_cat?post=9624"},{"taxonomy":"product_tag","embeddable":true,"href":"https:\/\/www.lumist.si\/hr\/wp-json\/wp\/v2\/product_tag?post=9624"}],"curies":[{"name":"wp","href":"https:\/\/api.w.org\/{rel}","templated":true}]}}