{"id":9627,"date":"2023-04-21T07:19:53","date_gmt":"2023-04-21T05:19:53","guid":{"rendered":"https:\/\/www.lumist.si\/?post_type=product&#038;p=9627"},"modified":"2026-02-10T18:36:50","modified_gmt":"2026-02-10T17:36:50","slug":"preliv-bueno-napolitanka","status":"publish","type":"product","link":"https:\/\/www.lumist.si\/hr\/proizvod\/preliv-bueno-napolitanka\/","title":{"rendered":"Preliv Bueno, Napolitanka"},"content":{"rendered":"<p>Preliv Bueno, Napolitanka<\/p>\n<p>Bueno Preliv iz mle\u010dne \u010dokolade s finimi hrustljavimi ko\u0161\u010dki napolitank, je vsestranski produkt. Uporabite ga za prelivanje, kot polnilo tortam, torticam na pal\u010dkah, monoporcijskim torticam, sladicam v kozar\u010dkih, za izdelavo kreme ali moussa. Odli\u010den tudi za aromatiziranje. Brez aditivov, konzervansev in slabih ma\u0161\u010dob.<\/p>\n<p>Koristite ga za:<br \/>\n\u2013 nadjev za krafne, sladolede, kola\u010de,<br \/>\n\u2013 krema ili mousse,<br \/>\n\u2013 Namaz za pala\u010dinke ili preljev za sladoled\u2026<\/p>\n<p>Proizvod je:<br \/>\n\u2013 Bez aditiva i konzervansa,<br \/>\n\u2013 Bez palminog ulja,<br \/>\n\u2013 Bez soje.<\/p>\n<p>Skladi\u0161tenje: \u010cuvati na suhom mjestu, dalje od izravnih izvora topline.<\/p>","protected":false},"excerpt":{"rendered":"<p><strong>Preliv Bueno, Napolitanka<\/strong><\/p>\n<p>Bueno preliv iz mle\u010dne \u010dokolade s finimi hrustljavimi ko\u0161\u010dki napolitank, je vsestranski produkt. Uporabite ga za prelivanje, kot polnilo tortam, torticam na pal\u010dkah, monoporcijskim torticam, sladicam v kozar\u010dkih, za izdelavo kreme ali moussa. Odli\u010den tudi za aromatiziranje. Brez aditivov, konzervansev in slabih ma\u0161\u010dob.<\/p>\n<p>&nbsp;<\/p>","protected":false},"featured_media":11961,"comment_status":"open","ping_status":"closed","template":"","meta":{"om_disable_all_campaigns":false,"inline_featured_image":false,"_monsterinsights_skip_tracking":false,"_monsterinsights_sitenote_active":false,"_monsterinsights_sitenote_note":"","_monsterinsights_sitenote_category":0},"product_brand":[],"product_cat":[339],"product_tag":[],"class_list":{"0":"post-9627","1":"product","2":"type-product","3":"status-publish","4":"has-post-thumbnail","6":"product_cat-dekor-kreme-in-prelivi","7":"pa_teza-200-g","8":"pa_znamka-rokmar","10":"first","11":"instock","12":"taxable","13":"shipping-taxable","14":"purchasable","15":"product-type-variable","16":"has-default-attributes"},"aioseo_notices":[],"_links":{"self":[{"href":"https:\/\/www.lumist.si\/hr\/wp-json\/wp\/v2\/product\/9627","targetHints":{"allow":["GET"]}}],"collection":[{"href":"https:\/\/www.lumist.si\/hr\/wp-json\/wp\/v2\/product"}],"about":[{"href":"https:\/\/www.lumist.si\/hr\/wp-json\/wp\/v2\/types\/product"}],"replies":[{"embeddable":true,"href":"https:\/\/www.lumist.si\/hr\/wp-json\/wp\/v2\/comments?post=9627"}],"wp:featuredmedia":[{"embeddable":true,"href":"https:\/\/www.lumist.si\/hr\/wp-json\/wp\/v2\/media\/11961"}],"wp:attachment":[{"href":"https:\/\/www.lumist.si\/hr\/wp-json\/wp\/v2\/media?parent=9627"}],"wp:term":[{"taxonomy":"product_brand","embeddable":true,"href":"https:\/\/www.lumist.si\/hr\/wp-json\/wp\/v2\/product_brand?post=9627"},{"taxonomy":"product_cat","embeddable":true,"href":"https:\/\/www.lumist.si\/hr\/wp-json\/wp\/v2\/product_cat?post=9627"},{"taxonomy":"product_tag","embeddable":true,"href":"https:\/\/www.lumist.si\/hr\/wp-json\/wp\/v2\/product_tag?post=9627"}],"curies":[{"name":"wp","href":"https:\/\/api.w.org\/{rel}","templated":true}]}}