{"id":9722,"date":"2023-05-08T15:53:21","date_gmt":"2023-05-08T13:53:21","guid":{"rendered":"https:\/\/www.lumist.si\/?post_type=product&#038;p=9722"},"modified":"2025-10-11T18:04:16","modified_gmt":"2025-10-11T16:04:16","slug":"svetlec-posip-roza-sugarflair","status":"publish","type":"product","link":"https:\/\/www.lumist.si\/hr\/proizvod\/svetlec-posip-roza-sugarflair\/","title":{"rendered":"Svetle\u010d posip Roza, Sugarflair 100 g"},"content":{"rendered":"<p><strong>Svetle\u010d posip Roza, Sugarflair<\/strong><\/p>\n<p>Ukrasite svoje cupcakese, kola\u010de i druge slatke poslastice prekrasnim ru\u017ei\u010dastim \u0161e\u0107ernim posipima iz Sugarflaira.<\/p>\n<p><strong>Boja<\/strong>: Ne\u017eno roza.<br \/>\n<strong>Sadr\u017eaj<\/strong>: 100 gramov.<br \/>\n<strong>Sastojci<\/strong>: Sladkor, barvilo: E170, E120.<br \/>\n<strong>Skladi\u0161tenje<\/strong>: Hraniti v zaprti posodi na suhem mestu.<\/p>\n<p>Ovaj proizvod je: pogodan za vegetarijance.<\/p>\n<p>Upotrijebiti najmanje do datuma otisnutog na pakiranju.<\/p>\n<p>Proizvedeno u Velikoj Britaniji.<\/p>","protected":false},"excerpt":{"rendered":"<p><strong>Svetle\u010d posip Roza, Sugarflair<\/strong><\/p>\n<p>Ukrasite svoje cupcakese, kola\u010de i druge slatke poslastice prekrasnim ru\u017ei\u010dastim \u0161e\u0107ernim posipima iz Sugarflaira.<\/p>\n<p><strong>Boja<\/strong>: Ne\u017eno roza.<\/p>","protected":false},"featured_media":9723,"comment_status":"open","ping_status":"closed","template":"","meta":{"om_disable_all_campaigns":false,"inline_featured_image":false,"_monsterinsights_skip_tracking":false,"_monsterinsights_sitenote_active":false,"_monsterinsights_sitenote_note":"","_monsterinsights_sitenote_category":0},"product_brand":[],"product_cat":[117,416],"product_tag":[],"class_list":{"0":"post-9722","1":"product","2":"type-product","3":"status-publish","4":"has-post-thumbnail","6":"product_cat-dekoracija-sladic","7":"product_cat-svetleci-posipi","8":"pa_teza-100-g","10":"first","11":"instock","12":"taxable","13":"shipping-taxable","14":"purchasable","15":"product-type-simple"},"aioseo_notices":[],"_links":{"self":[{"href":"https:\/\/www.lumist.si\/hr\/wp-json\/wp\/v2\/product\/9722","targetHints":{"allow":["GET"]}}],"collection":[{"href":"https:\/\/www.lumist.si\/hr\/wp-json\/wp\/v2\/product"}],"about":[{"href":"https:\/\/www.lumist.si\/hr\/wp-json\/wp\/v2\/types\/product"}],"replies":[{"embeddable":true,"href":"https:\/\/www.lumist.si\/hr\/wp-json\/wp\/v2\/comments?post=9722"}],"wp:featuredmedia":[{"embeddable":true,"href":"https:\/\/www.lumist.si\/hr\/wp-json\/wp\/v2\/media\/9723"}],"wp:attachment":[{"href":"https:\/\/www.lumist.si\/hr\/wp-json\/wp\/v2\/media?parent=9722"}],"wp:term":[{"taxonomy":"product_brand","embeddable":true,"href":"https:\/\/www.lumist.si\/hr\/wp-json\/wp\/v2\/product_brand?post=9722"},{"taxonomy":"product_cat","embeddable":true,"href":"https:\/\/www.lumist.si\/hr\/wp-json\/wp\/v2\/product_cat?post=9722"},{"taxonomy":"product_tag","embeddable":true,"href":"https:\/\/www.lumist.si\/hr\/wp-json\/wp\/v2\/product_tag?post=9722"}],"curies":[{"name":"wp","href":"https:\/\/api.w.org\/{rel}","templated":true}]}}