{"id":982,"date":"2020-09-13T21:11:44","date_gmt":"2020-09-13T19:11:44","guid":{"rendered":"http:\/\/www.lumist.si\/?post_type=product&#038;p=982"},"modified":"2025-10-12T19:40:56","modified_gmt":"2025-10-12T17:40:56","slug":"kodri-temna-cokolada","status":"publish","type":"product","link":"https:\/\/www.lumist.si\/hr\/proizvod\/kodri-temna-cokolada\/","title":{"rendered":"Curls Tamna \u010dokolada"},"content":{"rendered":"<p>KODRI TEMNA \u010cOKOLADA, okrasni posipm izdelan iz najkakovostnej\u0161e temne \u010dokolade 50%.<br \/>\nKodri imajo fino, lahko strukturo, kot nala\u0161\u010d za okrasitev tort, pi\u0161kotov, tort, sladoleda in sladic.Dobro se obnesejo tudi za okra\u0161evanje izdelkov z maso.<\/p>\n<p>Kovr\u010de su vrlo osjetljive na visoke temperature (lako se tope) pa ih \u010duvajte u suhom i hladnom, dobro zatvorenom pakiranju i za\u0161titite od sun\u010deve svjetlosti.<\/p>\n<p>Okus: temna \u010dokolada z najmanj 50 %.<\/p>\n<p>Izdelani iz najkakovostnej\u0161e 55% belgijske temne \u010dokolade. Odli\u010dni kot okras za torte, pi\u0161kote, sladoled in ostale sladice.<\/p>\n<p>Tip: \u010cokoladni ukrasi<br \/>\nVelikost: 9&#215;5 mm<br \/>\nOkus: temna \u010dokolada z najmanj 50% kakavovih delcev<br \/>\nPrimjena: univerzalna<\/p>","protected":false},"excerpt":{"rendered":"<p>KODRI TEMNA \u010cOKOLADA, okrasni posipm izdelan iz najkakovostnej\u0161e temne \u010dokolade 50%.<br \/>\nKodri imajo fino, lahko strukturo, kot nala\u0161\u010d za okrasitev tort, pi\u0161kotov, tort, sladoleda in sladic.Dobro se obnesejo tudi za okra\u0161evanje izdelkov z maso.<\/p>\n<p>&nbsp;<\/p>","protected":false},"featured_media":1514,"comment_status":"open","ping_status":"closed","template":"","meta":{"om_disable_all_campaigns":false,"inline_featured_image":false,"_monsterinsights_skip_tracking":false,"_monsterinsights_sitenote_active":false,"_monsterinsights_sitenote_note":"","_monsterinsights_sitenote_category":0},"product_brand":[],"product_cat":[93],"product_tag":[],"class_list":{"0":"post-982","1":"product","2":"type-product","3":"status-publish","4":"has-post-thumbnail","6":"product_cat-cokoladni-kodri","7":"pa_teza-100-g","8":"pa_teza-500-g","10":"first","11":"instock","12":"taxable","13":"shipping-taxable","14":"purchasable","15":"product-type-variable","16":"has-default-attributes"},"aioseo_notices":[],"_links":{"self":[{"href":"https:\/\/www.lumist.si\/hr\/wp-json\/wp\/v2\/product\/982","targetHints":{"allow":["GET"]}}],"collection":[{"href":"https:\/\/www.lumist.si\/hr\/wp-json\/wp\/v2\/product"}],"about":[{"href":"https:\/\/www.lumist.si\/hr\/wp-json\/wp\/v2\/types\/product"}],"replies":[{"embeddable":true,"href":"https:\/\/www.lumist.si\/hr\/wp-json\/wp\/v2\/comments?post=982"}],"wp:featuredmedia":[{"embeddable":true,"href":"https:\/\/www.lumist.si\/hr\/wp-json\/wp\/v2\/media\/1514"}],"wp:attachment":[{"href":"https:\/\/www.lumist.si\/hr\/wp-json\/wp\/v2\/media?parent=982"}],"wp:term":[{"taxonomy":"product_brand","embeddable":true,"href":"https:\/\/www.lumist.si\/hr\/wp-json\/wp\/v2\/product_brand?post=982"},{"taxonomy":"product_cat","embeddable":true,"href":"https:\/\/www.lumist.si\/hr\/wp-json\/wp\/v2\/product_cat?post=982"},{"taxonomy":"product_tag","embeddable":true,"href":"https:\/\/www.lumist.si\/hr\/wp-json\/wp\/v2\/product_tag?post=982"}],"curies":[{"name":"wp","href":"https:\/\/api.w.org\/{rel}","templated":true}]}}