{"id":984,"date":"2020-09-13T21:18:02","date_gmt":"2020-09-13T19:18:02","guid":{"rendered":"http:\/\/www.lumist.si\/?post_type=product&#038;p=984"},"modified":"2025-10-12T19:24:05","modified_gmt":"2025-10-12T17:24:05","slug":"kodri-mlecna-cokolada","status":"publish","type":"product","link":"https:\/\/www.lumist.si\/hr\/proizvod\/kodri-mlecna-cokolada\/","title":{"rendered":"Kodri Mlije\u010dna \u010dokolada"},"content":{"rendered":"<p><strong>KODRI MLE\u010cNA \u010cOKOLADA<\/strong>, dekorativni posip<br \/>\nOkrasni \u010dokoladni posip v obliki majhnih kodrov, velikosti 9x5mm.<br \/>\nKodri imajo fino, lahko strukturo, kot nala\u0161\u010d za okrasitev tort, pi\u0161kotov, tort, sladoleda in sladic. Dobro se obnesejo tudi za okra\u0161evanje izdelkov z maso.<\/p>\n<p>\u010cuvanje: Kovr\u010de su vrlo osjetljive na visoke temperature (lako se tope) pa ih \u010duvajte na suhom i hladnom mjestu, dobro zatvorene i za\u0161ti\u0107ene od sun\u010deve svjetlosti.<\/p>\n<p>Okus: mle\u010dna \u010dokolada 35%<\/p>\n<p>Izdelani iz najkakovostnej\u0161e belgijske mle\u010dne \u010dokolade 35%. Odli\u010dni kot okras za torte, pi\u0161kote, sladoled in ostale sladice.<\/p>\n<p>Tip: \u010cokoladni ukrasi<br \/>\nVelikost: 9&#215;5 mm<br \/>\nOkus: mle\u010dna \u010dokolada 35%<br \/>\nPrimjena: univerzalna<\/p>\n<p>Neto koli\u010dina: 100 g.<\/p>","protected":false},"excerpt":{"rendered":"<p><strong>KODRI MLE\u010cNA \u010cOKOLADA<\/strong>, dekorativni posip<br \/>\nOkrasni \u010dokoladni posip v obliki majhnih kodrov, velikosti 9x5mm.<br \/>\nKodri imajo fino, lahko strukturo, kot nala\u0161\u010d za okrasitev tort, pi\u0161kotov, tort, sladoleda in sladic. Dobro se obnesejo tudi za okra\u0161evanje izdelkov z maso.<\/p>\n<p>&nbsp;<\/p>","protected":false},"featured_media":1535,"comment_status":"open","ping_status":"closed","template":"","meta":{"om_disable_all_campaigns":false,"inline_featured_image":false,"_monsterinsights_skip_tracking":false,"_monsterinsights_sitenote_active":false,"_monsterinsights_sitenote_note":"","_monsterinsights_sitenote_category":0},"product_brand":[],"product_cat":[117,93],"product_tag":[],"class_list":{"0":"post-984","1":"product","2":"type-product","3":"status-publish","4":"has-post-thumbnail","6":"product_cat-dekoracija-sladic","7":"product_cat-cokoladni-kodri","8":"pa_teza-100-g","9":"pa_teza-500-g","10":"pa_znamka-barbara-luijckx","12":"first","13":"instock","14":"taxable","15":"shipping-taxable","16":"purchasable","17":"product-type-variable","18":"has-default-attributes"},"aioseo_notices":[],"_links":{"self":[{"href":"https:\/\/www.lumist.si\/hr\/wp-json\/wp\/v2\/product\/984","targetHints":{"allow":["GET"]}}],"collection":[{"href":"https:\/\/www.lumist.si\/hr\/wp-json\/wp\/v2\/product"}],"about":[{"href":"https:\/\/www.lumist.si\/hr\/wp-json\/wp\/v2\/types\/product"}],"replies":[{"embeddable":true,"href":"https:\/\/www.lumist.si\/hr\/wp-json\/wp\/v2\/comments?post=984"}],"wp:featuredmedia":[{"embeddable":true,"href":"https:\/\/www.lumist.si\/hr\/wp-json\/wp\/v2\/media\/1535"}],"wp:attachment":[{"href":"https:\/\/www.lumist.si\/hr\/wp-json\/wp\/v2\/media?parent=984"}],"wp:term":[{"taxonomy":"product_brand","embeddable":true,"href":"https:\/\/www.lumist.si\/hr\/wp-json\/wp\/v2\/product_brand?post=984"},{"taxonomy":"product_cat","embeddable":true,"href":"https:\/\/www.lumist.si\/hr\/wp-json\/wp\/v2\/product_cat?post=984"},{"taxonomy":"product_tag","embeddable":true,"href":"https:\/\/www.lumist.si\/hr\/wp-json\/wp\/v2\/product_tag?post=984"}],"curies":[{"name":"wp","href":"https:\/\/api.w.org\/{rel}","templated":true}]}}