{"id":9848,"date":"2023-05-17T08:44:30","date_gmt":"2023-05-17T06:44:30","guid":{"rendered":"https:\/\/www.lumist.si\/?post_type=product&#038;p=9848"},"modified":"2026-03-03T10:11:40","modified_gmt":"2026-03-03T09:11:40","slug":"preliv-cokolada-bela","status":"publish","type":"product","link":"https:\/\/www.lumist.si\/hr\/proizvod\/preliv-cokolada-bela\/","title":{"rendered":"Preliv \u010cokolada bela"},"content":{"rendered":"<p><strong>Preliv \u010cokolada bela<\/strong><\/p>\n<p>Ukrasni nadjev od bar\u0161una <strong>bijela \u010dokolada<\/strong>. Proizvod je <strong>bez glutena<\/strong>, s prirodnim aromama, zgu\u0161njiva\u010dima i bojilima. Koristi se za prelijevanje, kao nadjev za torte, torte za natapanje, torte na \u0161tapi\u0107e, jednoporcijske torte, deserte u \u010da\u0161ama, za izradu kreme ili pjene. Tako\u0111er odli\u010dan za aromatiziranje. Bez aditiva, konzervansa i lo\u0161ih masno\u0107a.<\/p>\n<p><strong>Koristite ga za:<\/strong><br \/>\n\u2013 Drip za kola\u010de (mo\u017ee se bojati i \u010dokoladnim bojama),<br \/>\n\u2013 Prelivi deserta, krafni, sladoleda,<br \/>\n\u2013 Dodatak tijestu za krafne, sladoled,<br \/>\n\u2013 Krema ili mousse.<\/p>\n<p><strong>Proizvod je:<\/strong><br \/>\n- Bez glutena<br \/>\n\u2013 Bez palminog ulja<br \/>\n\u2013 Bez soje.<\/p>\n<p><strong>Skladi\u0161tenje:<\/strong> \u010cuvati na suhom mjestu daleko od izravne topline.<\/p>","protected":false},"excerpt":{"rendered":"<p><strong>Preliv \u010cokolada bela<\/strong><\/p>\n<p>Ukrasni nadjev od bar\u0161una<strong> bijela \u010dokolada<\/strong>. Proizvod je <strong>bez glutena<\/strong>, s prirodnim aromama, zgu\u0161njiva\u010dima i bojilima. Koristi se za prelijevanje, kao nadjev za torte, torte za natapanje, torte na \u0161tapi\u0107e, jednoporcijske torte, deserte u \u010da\u0161ama, za izradu kreme ili pjene. Tako\u0111er odli\u010dan za aromatiziranje. Bez aditiva, konzervansa i lo\u0161ih masno\u0107a.<\/p>\n<p>&nbsp;<\/p>","protected":false},"featured_media":11966,"comment_status":"open","ping_status":"closed","template":"","meta":{"om_disable_all_campaigns":false,"inline_featured_image":false,"_monsterinsights_skip_tracking":false,"_monsterinsights_sitenote_active":false,"_monsterinsights_sitenote_note":"","_monsterinsights_sitenote_category":0},"product_brand":[],"product_cat":[339],"product_tag":[],"class_list":{"0":"post-9848","1":"product","2":"type-product","3":"status-publish","4":"has-post-thumbnail","6":"product_cat-dekor-kreme-in-prelivi","7":"pa_teza-250-g","8":"pa_znamka-rokmar","10":"first","11":"instock","12":"taxable","13":"shipping-taxable","14":"purchasable","15":"product-type-variable","16":"has-default-attributes"},"aioseo_notices":[],"_links":{"self":[{"href":"https:\/\/www.lumist.si\/hr\/wp-json\/wp\/v2\/product\/9848","targetHints":{"allow":["GET"]}}],"collection":[{"href":"https:\/\/www.lumist.si\/hr\/wp-json\/wp\/v2\/product"}],"about":[{"href":"https:\/\/www.lumist.si\/hr\/wp-json\/wp\/v2\/types\/product"}],"replies":[{"embeddable":true,"href":"https:\/\/www.lumist.si\/hr\/wp-json\/wp\/v2\/comments?post=9848"}],"wp:featuredmedia":[{"embeddable":true,"href":"https:\/\/www.lumist.si\/hr\/wp-json\/wp\/v2\/media\/11966"}],"wp:attachment":[{"href":"https:\/\/www.lumist.si\/hr\/wp-json\/wp\/v2\/media?parent=9848"}],"wp:term":[{"taxonomy":"product_brand","embeddable":true,"href":"https:\/\/www.lumist.si\/hr\/wp-json\/wp\/v2\/product_brand?post=9848"},{"taxonomy":"product_cat","embeddable":true,"href":"https:\/\/www.lumist.si\/hr\/wp-json\/wp\/v2\/product_cat?post=9848"},{"taxonomy":"product_tag","embeddable":true,"href":"https:\/\/www.lumist.si\/hr\/wp-json\/wp\/v2\/product_tag?post=9848"}],"curies":[{"name":"wp","href":"https:\/\/api.w.org\/{rel}","templated":true}]}}