{"id":990,"date":"2020-09-13T21:35:29","date_gmt":"2020-09-13T19:35:29","guid":{"rendered":"http:\/\/www.lumist.si\/?post_type=product&#038;p=990"},"modified":"2026-03-10T08:01:23","modified_gmt":"2026-03-10T07:01:23","slug":"kodri-karamela","status":"publish","type":"product","link":"https:\/\/www.lumist.si\/hr\/proizvod\/kodri-karamela\/","title":{"rendered":"Kovr\u010de Karamela"},"content":{"rendered":"<p>Kovr\u010de Karamela<\/p>\n<p>Okrasni posip v obliki majhnih kodrov. Kodri imajo fino, lahko strukturo. Kot nala\u0161\u010d za okrasitev tort, pi\u0161kotov, tort, sladoleda in sladic. Dobro se obnesejo tudi pri okra\u0161evanju izdelkov z maso.<\/p>\n<p>\u010cuvanje: Kovr\u010de su vrlo osjetljive na visoke temperature (lako se tope) pa ih \u010duvajte na suhom i hladnom mjestu, dobro zatvorene i za\u0161ti\u0107ene od sun\u010deve svjetlosti.<\/p>\n<p>Vrsta: \u010dokoladni ukrasi<br \/>\nOkus: bijela \u010dokolada s okusom karamele<br \/>\nDimenzije: 9 x 5 mm<br \/>\nPrimjena: univerzalna<\/p>","protected":false},"excerpt":{"rendered":"<p><strong>Kovr\u010de Karamela<\/strong><\/p>\n<p>Izra\u0111en od najkvalitetnije \u010dokolade s okusom i mirisom karamele. Izvrstan kao ukras za torte, kola\u010de, sladolede i slastice<br \/>\nOkrasni posip v obliki majhnih kodrov.<\/p>","protected":false},"featured_media":1533,"comment_status":"open","ping_status":"closed","template":"","meta":{"om_disable_all_campaigns":false,"inline_featured_image":false,"_monsterinsights_skip_tracking":false,"_monsterinsights_sitenote_active":false,"_monsterinsights_sitenote_note":"","_monsterinsights_sitenote_category":0},"product_brand":[],"product_cat":[117,93],"product_tag":[],"class_list":{"0":"post-990","1":"product","2":"type-product","3":"status-publish","4":"has-post-thumbnail","6":"product_cat-dekoracija-sladic","7":"product_cat-cokoladni-kodri","8":"pa_okus-karamela","9":"pa_teza-100-g","10":"pa_teza-500-g","11":"pa_znamka-barbara-luijckx","13":"first","14":"outofstock","15":"taxable","16":"shipping-taxable","17":"purchasable","18":"product-type-variable","19":"has-default-attributes"},"aioseo_notices":[],"_links":{"self":[{"href":"https:\/\/www.lumist.si\/hr\/wp-json\/wp\/v2\/product\/990","targetHints":{"allow":["GET"]}}],"collection":[{"href":"https:\/\/www.lumist.si\/hr\/wp-json\/wp\/v2\/product"}],"about":[{"href":"https:\/\/www.lumist.si\/hr\/wp-json\/wp\/v2\/types\/product"}],"replies":[{"embeddable":true,"href":"https:\/\/www.lumist.si\/hr\/wp-json\/wp\/v2\/comments?post=990"}],"wp:featuredmedia":[{"embeddable":true,"href":"https:\/\/www.lumist.si\/hr\/wp-json\/wp\/v2\/media\/1533"}],"wp:attachment":[{"href":"https:\/\/www.lumist.si\/hr\/wp-json\/wp\/v2\/media?parent=990"}],"wp:term":[{"taxonomy":"product_brand","embeddable":true,"href":"https:\/\/www.lumist.si\/hr\/wp-json\/wp\/v2\/product_brand?post=990"},{"taxonomy":"product_cat","embeddable":true,"href":"https:\/\/www.lumist.si\/hr\/wp-json\/wp\/v2\/product_cat?post=990"},{"taxonomy":"product_tag","embeddable":true,"href":"https:\/\/www.lumist.si\/hr\/wp-json\/wp\/v2\/product_tag?post=990"}],"curies":[{"name":"wp","href":"https:\/\/api.w.org\/{rel}","templated":true}]}}