{"id":991,"date":"2020-09-13T21:39:54","date_gmt":"2020-09-13T19:39:54","guid":{"rendered":"http:\/\/www.lumist.si\/?post_type=product&#038;p=991"},"modified":"2025-10-12T17:30:16","modified_gmt":"2025-10-12T15:30:16","slug":"kodri-cokoladni-duo","status":"publish","type":"product","link":"https:\/\/www.lumist.si\/hr\/proizvod\/kodri-cokoladni-duo\/","title":{"rendered":"Curls Chocolate Duo"},"content":{"rendered":"<p><strong>KODRI \u010cOKOLADNI DUO\u00a0<\/strong><br \/>\n\u010cokoladni kodri za sladice (bela 29% in temna \u010dokolada 50%), so okrasni \u010dokoladni posip v obliki majhnih ostru\u017ekov. Kodri imajo fino, lahko strukturo. Kot nala\u0161\u010d za okrasitev tort, pi\u0161kotov, tort, sladoleda in sladic. Dobro se obnesejo tudi pri okra\u0161evanju izdelkov z maso.<\/p>\n<p>\u010cuvanje: Kovr\u010de su vrlo osjetljive na visoke temperature (lako se tope) pa ih \u010duvajte na suhom i hladnom mjestu, dobro zatvorene i za\u0161ti\u0107ene od sun\u010deve svjetlosti.<\/p>\n<p>Okus: bela 29% \u010dokolada, temna 50% \u010dokolada<\/p>","protected":false},"excerpt":{"rendered":"<p><strong>KODRI \u010cOKOLADNI DUO<\/strong><\/p>\n<p>Duo kodri, me\u0161anica bele 29% in temne \u010dokolade 50% so izdelani iz najkakovostnej\u0161e \u010dokolade.<br \/>\nOdli\u010dno kot okras za torte, pi\u0161kote, sladoled in sladice.<\/p>\n<p>&nbsp;<\/p>","protected":false},"featured_media":1530,"comment_status":"open","ping_status":"closed","template":"","meta":{"om_disable_all_campaigns":false,"inline_featured_image":false,"_monsterinsights_skip_tracking":false,"_monsterinsights_sitenote_active":false,"_monsterinsights_sitenote_note":"","_monsterinsights_sitenote_category":0},"product_brand":[],"product_cat":[117,93],"product_tag":[],"class_list":{"0":"post-991","1":"product","2":"type-product","3":"status-publish","4":"has-post-thumbnail","6":"product_cat-dekoracija-sladic","7":"product_cat-cokoladni-kodri","8":"pa_teza-100-g","9":"pa_teza-500-g","10":"pa_znamka-barbara-luijckx","12":"first","13":"instock","14":"taxable","15":"shipping-taxable","16":"purchasable","17":"product-type-variable","18":"has-default-attributes"},"aioseo_notices":[],"_links":{"self":[{"href":"https:\/\/www.lumist.si\/hr\/wp-json\/wp\/v2\/product\/991","targetHints":{"allow":["GET"]}}],"collection":[{"href":"https:\/\/www.lumist.si\/hr\/wp-json\/wp\/v2\/product"}],"about":[{"href":"https:\/\/www.lumist.si\/hr\/wp-json\/wp\/v2\/types\/product"}],"replies":[{"embeddable":true,"href":"https:\/\/www.lumist.si\/hr\/wp-json\/wp\/v2\/comments?post=991"}],"wp:featuredmedia":[{"embeddable":true,"href":"https:\/\/www.lumist.si\/hr\/wp-json\/wp\/v2\/media\/1530"}],"wp:attachment":[{"href":"https:\/\/www.lumist.si\/hr\/wp-json\/wp\/v2\/media?parent=991"}],"wp:term":[{"taxonomy":"product_brand","embeddable":true,"href":"https:\/\/www.lumist.si\/hr\/wp-json\/wp\/v2\/product_brand?post=991"},{"taxonomy":"product_cat","embeddable":true,"href":"https:\/\/www.lumist.si\/hr\/wp-json\/wp\/v2\/product_cat?post=991"},{"taxonomy":"product_tag","embeddable":true,"href":"https:\/\/www.lumist.si\/hr\/wp-json\/wp\/v2\/product_tag?post=991"}],"curies":[{"name":"wp","href":"https:\/\/api.w.org\/{rel}","templated":true}]}}