{"id":9916,"date":"2023-05-26T06:36:03","date_gmt":"2023-05-26T04:36:03","guid":{"rendered":"https:\/\/www.lumist.si\/?post_type=product&#038;p=9916"},"modified":"2026-01-01T19:44:50","modified_gmt":"2026-01-01T18:44:50","slug":"cokoladne-perlice-xl-mix","status":"publish","type":"product","link":"https:\/\/www.lumist.si\/hr\/proizvod\/cokoladne-perlice-xl-mix\/","title":{"rendered":"\u010cokoladne perlice &#8211; XL mix 50 g"},"content":{"rendered":"<p><strong>\u010cokoladne perlice &#8211; XL mix<\/strong><\/p>\n<p>Ukusna hrskava sredina prelivena visokokvalitetnom bijelom, mlije\u010dnom i tamnom \u010dokoladom. S promjerom od 13-16 mm, ovaj ukrasni posip pogodan je za sve vrste slastica, poslastica i slastica u staklenkama.<\/p>\n<p><strong>Pakiranje<\/strong>: 50 g<br \/>\n<strong>Veli\u010dina<\/strong>: 13-16 mm<br \/>\n<strong>Ukus<\/strong>: bijela, mlije\u010dna, tamna \u010dokolada<\/p>\n<p><strong>Skladi\u0161tenje:<\/strong> na suhom i hladnom mjestu (temperatura 5-20\u00b0C, relativna vla\u017enost ispod 75%) u dobro zatvorenoj ambala\u017ei; za\u0161tititi od sun\u010deve svjetlosti i stranih mirisa.<\/p>","protected":false},"excerpt":{"rendered":"<p><strong>\u010cokoladne perlice &#8211; XL mix<\/strong><\/p>\n<p>Ukusna hrskava sredina prelivena visokokvalitetnom bijelom, mlije\u010dnom i tamnom \u010dokoladom. S promjerom od 13-16 mm, ovaj ukrasni posip pogodan je za sve vrste slastica, poslastica i slastica u staklenkama.<\/p>\n<p>&nbsp;<\/p>","protected":false},"featured_media":9918,"comment_status":"open","ping_status":"closed","template":"","meta":{"om_disable_all_campaigns":false,"inline_featured_image":false,"_monsterinsights_skip_tracking":false,"_monsterinsights_sitenote_active":false,"_monsterinsights_sitenote_note":"","_monsterinsights_sitenote_category":0},"product_brand":[],"product_cat":[117,118,99],"product_tag":[],"class_list":{"0":"post-9916","1":"product","2":"type-product","3":"status-publish","4":"has-post-thumbnail","6":"product_cat-dekoracija-sladic","7":"product_cat-cokoladne-krogle","8":"product_cat-sladkorne-in-cokoladne-perlice","9":"pa_teza-50-g","10":"pa_znamka-leman","12":"first","13":"instock","14":"sale","15":"taxable","16":"shipping-taxable","17":"purchasable","18":"product-type-simple"},"aioseo_notices":[],"_links":{"self":[{"href":"https:\/\/www.lumist.si\/hr\/wp-json\/wp\/v2\/product\/9916","targetHints":{"allow":["GET"]}}],"collection":[{"href":"https:\/\/www.lumist.si\/hr\/wp-json\/wp\/v2\/product"}],"about":[{"href":"https:\/\/www.lumist.si\/hr\/wp-json\/wp\/v2\/types\/product"}],"replies":[{"embeddable":true,"href":"https:\/\/www.lumist.si\/hr\/wp-json\/wp\/v2\/comments?post=9916"}],"wp:featuredmedia":[{"embeddable":true,"href":"https:\/\/www.lumist.si\/hr\/wp-json\/wp\/v2\/media\/9918"}],"wp:attachment":[{"href":"https:\/\/www.lumist.si\/hr\/wp-json\/wp\/v2\/media?parent=9916"}],"wp:term":[{"taxonomy":"product_brand","embeddable":true,"href":"https:\/\/www.lumist.si\/hr\/wp-json\/wp\/v2\/product_brand?post=9916"},{"taxonomy":"product_cat","embeddable":true,"href":"https:\/\/www.lumist.si\/hr\/wp-json\/wp\/v2\/product_cat?post=9916"},{"taxonomy":"product_tag","embeddable":true,"href":"https:\/\/www.lumist.si\/hr\/wp-json\/wp\/v2\/product_tag?post=9916"}],"curies":[{"name":"wp","href":"https:\/\/api.w.org\/{rel}","templated":true}]}}