{"id":9945,"date":"2023-05-28T11:34:08","date_gmt":"2023-05-28T09:34:08","guid":{"rendered":"https:\/\/www.lumist.si\/?post_type=product&#038;p=9945"},"modified":"2026-02-13T11:23:10","modified_gmt":"2026-02-13T10:23:10","slug":"rozice-shannon-10kom-2-7-cm","status":"publish","type":"product","link":"https:\/\/www.lumist.si\/hr\/proizvod\/rozice-shannon-10kom-2-7-cm\/","title":{"rendered":"Cvjetovi Shannon, 10 kom, 2,7 cm"},"content":{"rendered":"<p><strong>Cvjetovi Shannon, 10 kom, 2,7 cm<\/strong><\/p>\n<p>\u010cudovite vafer cvetke za vse sladice. Cvetove polo\u017eite na povr\u0161ino, ki jo \u017eelite okrasiti. Primerno za u\u017eivanje.<\/p>\n<p><strong>Koli\u010dina<\/strong>: 10 kom<br \/>\n<strong>Oblik<\/strong>: cvetovi<br \/>\n<strong>Veli\u010dina<\/strong>: 2,7 cm<br \/>\n<strong>Vrsta ukrasa<\/strong>: za univerzalnu upotrebu, vjen\u010danja, kr\u0161tenja, ro\u0111endane.<\/p>\n<p>Prikladno za vegetarijance, bez E171, bez glutena, bez laktoze, bez mlije\u010dnih proteina.<\/p>\n<p>\u010cuvati na tamnom i suhom mjestu do maksimalno 22\u00b0C.<\/p>","protected":false},"excerpt":{"rendered":"<p><strong>Cvjetovi Shannon, 10 kom, 2,7 cm<\/strong><\/p>\n<p>\u010cudovite vafer cvetke za vse sladice. Cvetove polo\u017eite na povr\u0161ino, ki jo \u017eelite okrasiti. Primerno za u\u017eivanje.<\/p>\n<p>&nbsp;<\/p>","protected":false},"featured_media":9946,"comment_status":"open","ping_status":"closed","template":"","meta":{"om_disable_all_campaigns":false,"inline_featured_image":false,"_monsterinsights_skip_tracking":false,"_monsterinsights_sitenote_active":false,"_monsterinsights_sitenote_note":"","_monsterinsights_sitenote_category":0},"product_brand":[],"product_cat":[117,100,365],"product_tag":[],"class_list":{"0":"post-9945","1":"product","2":"type-product","3":"status-publish","4":"has-post-thumbnail","6":"product_cat-dekoracija-sladic","7":"product_cat-listici-roze-metulji","8":"product_cat-v-akciji","9":"pa_kolicina-10-kom","10":"pa_znamka-leman","12":"first","13":"instock","14":"sale","15":"taxable","16":"shipping-taxable","17":"purchasable","18":"product-type-variable","19":"has-default-attributes"},"aioseo_notices":[],"_links":{"self":[{"href":"https:\/\/www.lumist.si\/hr\/wp-json\/wp\/v2\/product\/9945","targetHints":{"allow":["GET"]}}],"collection":[{"href":"https:\/\/www.lumist.si\/hr\/wp-json\/wp\/v2\/product"}],"about":[{"href":"https:\/\/www.lumist.si\/hr\/wp-json\/wp\/v2\/types\/product"}],"replies":[{"embeddable":true,"href":"https:\/\/www.lumist.si\/hr\/wp-json\/wp\/v2\/comments?post=9945"}],"wp:featuredmedia":[{"embeddable":true,"href":"https:\/\/www.lumist.si\/hr\/wp-json\/wp\/v2\/media\/9946"}],"wp:attachment":[{"href":"https:\/\/www.lumist.si\/hr\/wp-json\/wp\/v2\/media?parent=9945"}],"wp:term":[{"taxonomy":"product_brand","embeddable":true,"href":"https:\/\/www.lumist.si\/hr\/wp-json\/wp\/v2\/product_brand?post=9945"},{"taxonomy":"product_cat","embeddable":true,"href":"https:\/\/www.lumist.si\/hr\/wp-json\/wp\/v2\/product_cat?post=9945"},{"taxonomy":"product_tag","embeddable":true,"href":"https:\/\/www.lumist.si\/hr\/wp-json\/wp\/v2\/product_tag?post=9945"}],"curies":[{"name":"wp","href":"https:\/\/api.w.org\/{rel}","templated":true}]}}