{"id":9961,"date":"2023-05-29T16:21:33","date_gmt":"2023-05-29T14:21:33","guid":{"rendered":"https:\/\/www.lumist.si\/?post_type=product&#038;p=9961"},"modified":"2026-02-21T13:14:47","modified_gmt":"2026-02-21T12:14:47","slug":"rozice-madison-45-cm-15-kos","status":"publish","type":"product","link":"https:\/\/www.lumist.si\/hr\/proizvod\/rozice-madison-45-cm-15-kos\/","title":{"rendered":"Cvjetovi Madison 4,5 cm, 15 kom"},"content":{"rendered":"","protected":false},"excerpt":{"rendered":"<p>\u010cudovite vafer cvetke za vse sladice. Cvetove polo\u017eite na povr\u0161ino, ki jo \u017eelite okrasiti. Primerno za u\u017eivanje.<\/p>\n<p><strong>Koli\u010dina<\/strong>: 15 kom<br \/>\n<strong>Oblik<\/strong>: cvetovi<br \/>\n<strong>Veli\u010dina<\/strong>: 4,5 cm<br \/>\n<strong>Vrsta ukrasa<\/strong>: za univerzalno uporabo, poroke, krst, rojstni dnevi.<\/p>\n<p>Prikladno za vegetarijance, bez E171, bez glutena, bez laktoze, bez mlije\u010dnih proteina.<\/p>\n<p>\u010cuvati na tamnom i suhom mjestu do maksimalno 22\u00b0C.<\/p>\n<p>&nbsp;<\/p>","protected":false},"featured_media":9953,"comment_status":"open","ping_status":"closed","template":"","meta":{"om_disable_all_campaigns":false,"inline_featured_image":false,"_monsterinsights_skip_tracking":false,"_monsterinsights_sitenote_active":false,"_monsterinsights_sitenote_note":"","_monsterinsights_sitenote_category":0},"product_brand":[],"product_cat":[117,100,365],"product_tag":[],"class_list":{"0":"post-9961","1":"product","2":"type-product","3":"status-publish","4":"has-post-thumbnail","6":"product_cat-dekoracija-sladic","7":"product_cat-listici-roze-metulji","8":"product_cat-v-akciji","9":"pa_kolicina-15-kom","10":"pa_znamka-leman","12":"first","13":"instock","14":"sale","15":"taxable","16":"shipping-taxable","17":"purchasable","18":"product-type-simple"},"aioseo_notices":[],"_links":{"self":[{"href":"https:\/\/www.lumist.si\/hr\/wp-json\/wp\/v2\/product\/9961","targetHints":{"allow":["GET"]}}],"collection":[{"href":"https:\/\/www.lumist.si\/hr\/wp-json\/wp\/v2\/product"}],"about":[{"href":"https:\/\/www.lumist.si\/hr\/wp-json\/wp\/v2\/types\/product"}],"replies":[{"embeddable":true,"href":"https:\/\/www.lumist.si\/hr\/wp-json\/wp\/v2\/comments?post=9961"}],"wp:featuredmedia":[{"embeddable":true,"href":"https:\/\/www.lumist.si\/hr\/wp-json\/wp\/v2\/media\/9953"}],"wp:attachment":[{"href":"https:\/\/www.lumist.si\/hr\/wp-json\/wp\/v2\/media?parent=9961"}],"wp:term":[{"taxonomy":"product_brand","embeddable":true,"href":"https:\/\/www.lumist.si\/hr\/wp-json\/wp\/v2\/product_brand?post=9961"},{"taxonomy":"product_cat","embeddable":true,"href":"https:\/\/www.lumist.si\/hr\/wp-json\/wp\/v2\/product_cat?post=9961"},{"taxonomy":"product_tag","embeddable":true,"href":"https:\/\/www.lumist.si\/hr\/wp-json\/wp\/v2\/product_tag?post=9961"}],"curies":[{"name":"wp","href":"https:\/\/api.w.org\/{rel}","templated":true}]}}